{"id":1731,"date":"2020-03-10T09:13:04","date_gmt":"2020-03-10T09:13:04","guid":{"rendered":"http:\/\/www.winetoursmoravia.com\/?page_id=1731"},"modified":"2026-04-29T18:29:13","modified_gmt":"2026-04-29T18:29:13","slug":"about-us","status":"publish","type":"page","link":"https:\/\/www.winetoursmoravia.com\/en\/about-us\/","title":{"rendered":"About us"},"content":{"rendered":"<p>[et_pb_section fb_built=&#8221;1&#8243; _builder_version=&#8221;4.16&#8243; custom_margin=&#8221;||||false|false&#8221; custom_padding=&#8221;||2px||false|false&#8221; border_width_top=&#8221;1px&#8221; border_color_top=&#8221;#d8d8d8&#8243; global_colors_info=&#8221;{}&#8221;][et_pb_row column_structure=&#8221;3_5,2_5&#8243; use_custom_gutter=&#8221;on&#8221; gutter_width=&#8221;1&#8243; make_equal=&#8221;on&#8221; _builder_version=&#8221;4.16&#8243; background_position=&#8221;bottom_left&#8221; width=&#8221;98%&#8221; max_width=&#8221;1500px&#8221; custom_margin=&#8221;|auto|2px|auto||&#8221; custom_padding=&#8221;0px||1px||false|false&#8221; border_width_all=&#8221;20px&#8221; border_color_all=&#8221;#ffffff&#8221; global_colors_info=&#8221;{}&#8221;][et_pb_column type=&#8221;3_5&#8243; _builder_version=&#8221;4.16&#8243; background_color=&#8221;#f7f7f7&#8243; custom_padding=&#8221;30px|40px|30px|40px|false|false&#8221; border_width_right=&#8221;30px&#8221; border_color_right=&#8221;#ffffff&#8221; global_colors_info=&#8221;{}&#8221;][et_pb_text _builder_version=&#8221;4.16&#8243; text_font=&#8221;Poppins|200|||||||&#8221; text_text_color=&#8221;#494949&#8243; text_font_size=&#8221;51px&#8221; text_line_height=&#8221;1.2em&#8221; header_font=&#8221;Quicksand||||||||&#8221; header_text_color=&#8221;#c88761&#8243; header_font_size=&#8221;60px&#8221; text_orientation=&#8221;center&#8221; custom_margin=&#8221;71px||4px|||&#8221; header_font_size_tablet=&#8221;50px&#8221; header_font_size_phone=&#8221;30px&#8221; header_font_size_last_edited=&#8221;on|phone&#8221; header_text_shadow_style=&#8221;preset2&#8243; header_text_shadow_horizontal_length=&#8221;0em&#8221; header_text_shadow_vertical_length=&#8221;0em&#8221; header_text_shadow_blur_strength=&#8221;0.18em&#8221; header_text_shadow_color=&#8221;#ffffff&#8221; global_colors_info=&#8221;{}&#8221;]<\/p>\n<h1>About us<\/h1>\n<p>[\/et_pb_text][et_pb_text _builder_version=&#8221;4.16&#8243; text_font=&#8221;Source Sans Pro|300|||||||&#8221; text_text_color=&#8221;#000000&#8243; text_font_size=&#8221;16px&#8221; text_line_height=&#8221;1.5em&#8221; text_orientation=&#8221;center&#8221; custom_margin=&#8221;2px||15px||false|false&#8221; custom_padding=&#8221;5px||12px||false|false&#8221; global_colors_info=&#8221;{}&#8221;]<\/p>\n<p><a href=\"https:\/\/www.winetoursmoravia.com\/en\/\">Home<\/a>\u00a0\/ About us<\/p>\n<p>[\/et_pb_text][et_pb_divider color=&#8221;#d6d6d6&#8243; divider_weight=&#8221;1px&#8221; _builder_version=&#8221;4.16&#8243; width=&#8221;50%&#8221; module_alignment=&#8221;center&#8221; global_colors_info=&#8221;{}&#8221;][\/et_pb_divider][et_pb_text _builder_version=&#8221;4.27.4&#8243; text_font=&#8221;Source Sans Pro|300|||||||&#8221; text_text_color=&#8221;#000000&#8243; text_font_size=&#8221;20px&#8221; text_line_height=&#8221;1.5em&#8221; text_orientation=&#8221;center&#8221; custom_margin=&#8221;||126px|||&#8221; custom_padding=&#8221;24px||12px|||&#8221; global_colors_info=&#8221;{}&#8221;]<\/p>\n<p>Wine tours Moravia is an opportunity for us to share our passion of the people, the wines and the region that we love.<\/p>\n<p>Our mission is to help you discover, taste and enjoy the best of an emerging and exciting wine region.<\/p>\n<p>[\/et_pb_text][\/et_pb_column][et_pb_column type=&#8221;2_5&#8243; _builder_version=&#8221;4.16&#8243; background_enable_color=&#8221;off&#8221; background_image=&#8221;https:\/\/www.winetoursmoravia.com\/wp-content\/uploads\/2020\/02\/spole\u010dn\u00e1.jpg&#8221; background_position=&#8221;center_right&#8221; custom_padding=&#8221;5px|5px|5px|5px|false|false&#8221; animation_direction=&#8221;right&#8221; global_colors_info=&#8221;{}&#8221;][\/et_pb_column][\/et_pb_row][\/et_pb_section][et_pb_section fb_built=&#8221;1&#8243; _builder_version=&#8221;4.16&#8243; background_color_gradient_direction=&#8221;90deg&#8221; background_enable_image=&#8221;off&#8221; custom_margin=&#8221;8px|||||&#8221; custom_padding=&#8221;1px||0px|||&#8221; border_width_all=&#8221;20px&#8221; border_color_all=&#8221;#ffffff&#8221; border_width_bottom=&#8221;0px&#8221; global_colors_info=&#8221;{}&#8221;][et_pb_row column_structure=&#8221;2_5,3_5&#8243; use_custom_gutter=&#8221;on&#8221; gutter_width=&#8221;1&#8243; make_equal=&#8221;on&#8221; _builder_version=&#8221;4.27.4&#8243; background_position=&#8221;bottom_left&#8221; width=&#8221;98%&#8221; max_width=&#8221;1500px&#8221; custom_margin=&#8221;|auto|2px|auto||&#8221; custom_padding=&#8221;0px||1px|||&#8221; hover_enabled=&#8221;0&#8243; global_colors_info=&#8221;{}&#8221; sticky_enabled=&#8221;0&#8243;][et_pb_column type=&#8221;2_5&#8243; _builder_version=&#8221;4.27.4&#8243; background_enable_color=&#8221;off&#8221; background_image=&#8221;https:\/\/www.winetoursmoravia.com\/wp-content\/uploads\/2026\/04\/20210625_122712-1-scaled.jpg&#8221; background_position=&#8221;center_right&#8221; custom_padding=&#8221;30px|40px|30px|40px|false|false&#8221; animation_direction=&#8221;left&#8221; hover_enabled=&#8221;0&#8243; border_width_right=&#8221;30px&#8221; border_color_right=&#8221;#ffffff&#8221; global_colors_info=&#8221;{}&#8221; sticky_enabled=&#8221;0&#8243;][\/et_pb_column][et_pb_column type=&#8221;3_5&#8243; _builder_version=&#8221;4.16&#8243; background_color=&#8221;#f7f7f7&#8243; background_enable_image=&#8221;off&#8221; background_position=&#8221;center_right&#8221; custom_padding=&#8221;30px|40px|30px|40px|false|false&#8221; animation_direction=&#8221;right&#8221; global_colors_info=&#8221;{}&#8221;][et_pb_text _builder_version=&#8221;4.16&#8243; text_font=&#8221;Poppins|200|||||||&#8221; text_text_color=&#8221;#494949&#8243; text_font_size=&#8221;51px&#8221; text_line_height=&#8221;1.2em&#8221; header_font=&#8221;Quicksand|300|||||||&#8221; header_text_color=&#8221;#444444&#8243; header_font_size=&#8221;60px&#8221; header_2_font=&#8221;Quicksand||||||||&#8221; header_2_text_color=&#8221;#c88761&#8243; header_2_font_size=&#8221;32px&#8221; header_2_line_height=&#8221;1.2em&#8221; header_3_font=&#8221;Quicksand||||||||&#8221; header_3_text_align=&#8221;left&#8221; header_3_text_color=&#8221;#c88761&#8243; header_3_font_size=&#8221;29px&#8221; header_3_line_height=&#8221;1.5em&#8221; custom_margin=&#8221;33px||-8px|||&#8221; custom_padding=&#8221;||3px|||&#8221; header_text_shadow_style=&#8221;preset3&#8243; header_text_shadow_color=&#8221;#ffffff&#8221; global_colors_info=&#8221;{}&#8221;]<\/p>\n<h3>Ing. Anna Havlickova: Your Guide, Co-founder<\/h3>\n<p>[\/et_pb_text][et_pb_text _builder_version=&#8221;4.27.4&#8243; text_font=&#8221;Source Sans Pro|300|||||||&#8221; text_text_color=&#8221;#000000&#8243; text_font_size=&#8221;20px&#8221; text_line_height=&#8221;1.5em&#8221; custom_margin=&#8221;-7px||30px|||&#8221; custom_padding=&#8221;24px||31px|||&#8221; global_colors_info=&#8221;{}&#8221;]<\/p>\n<p>My passion for wine is a lifelong. While completing my master&#8217;s degree in Tourism, I took various sommelier courses and I became a certified sommelier through the Czech Sommelier Association in Prague.<\/p>\n<p>My love for wine brought me to Mikulov, the wine capital of Southern Moravia. It was here that I became a partner and winemaker in a winery in 2013.<\/p>\n<p>I worked in every aspect of wine-making, from tending the vines to heavy lifting as cellar hand.\u00a0<\/p>\n<p>I continue to make wine at my old winery where I refine my skills in the art of making wine along with the experience of all the joys that come with it.<\/p>\n<p>I traveled and lived for years in different parts of the globe including the USA, New Zealand, Australia, Africa, Asia and Europe. I visited many wine regions as part of my research and spent four years on Long Island, New York. Here I lived and worked in the heart of Long Island wine regions, the North Fork.<\/p>\n<p>This life-changing experience along with its amazing people inspired my to pursue a life in the wine industry. I will always remain connected to Long Island as it paved the way to where I am today &#8211; at home in Moravia; one of the most stunning wine regions in the world.<\/p>\n<p>I love being able to do what I do best and that&#8217;s taking care of guests, sharing my knowledge, trading stories, having some laughs and learning something new with people just like you.<\/p>\n<p>[\/et_pb_text][\/et_pb_column][\/et_pb_row][\/et_pb_section][et_pb_section fb_built=&#8221;1&#8243; _builder_version=&#8221;4.16&#8243; background_color_gradient_direction=&#8221;90deg&#8221; background_enable_image=&#8221;off&#8221; custom_margin=&#8221;8px|||||&#8221; custom_padding=&#8221;1px||0px|||&#8221; border_width_all=&#8221;20px&#8221; border_color_all=&#8221;#ffffff&#8221; border_width_bottom=&#8221;0px&#8221; global_colors_info=&#8221;{}&#8221;][et_pb_row column_structure=&#8221;3_5,2_5&#8243; use_custom_gutter=&#8221;on&#8221; gutter_width=&#8221;1&#8243; make_equal=&#8221;on&#8221; _builder_version=&#8221;4.19.2&#8243; width=&#8221;98%&#8221; max_width=&#8221;1500px&#8221; custom_margin=&#8221;|auto|2px|auto||&#8221; custom_padding=&#8221;0px||27px|||&#8221; global_colors_info=&#8221;{}&#8221;][et_pb_column type=&#8221;3_5&#8243; _builder_version=&#8221;4.16&#8243; background_color=&#8221;#f7f7f7&#8243; background_enable_image=&#8221;off&#8221; background_position=&#8221;center_right&#8221; custom_padding=&#8221;30px|40px|30px|40px|false|false&#8221; animation_direction=&#8221;left&#8221; border_width_right=&#8221;30px&#8221; border_color_right=&#8221;#ffffff&#8221; global_colors_info=&#8221;{}&#8221;][et_pb_text _builder_version=&#8221;4.19.2&#8243; text_font=&#8221;Poppins|200|||||||&#8221; text_text_color=&#8221;#494949&#8243; text_font_size=&#8221;51px&#8221; text_line_height=&#8221;1.2em&#8221; header_font=&#8221;Quicksand|300|||||||&#8221; header_text_color=&#8221;#444444&#8243; header_font_size=&#8221;60px&#8221; header_2_font=&#8221;Quicksand||||||||&#8221; header_2_text_color=&#8221;#c88761&#8243; header_2_font_size=&#8221;32px&#8221; header_2_line_height=&#8221;1.2em&#8221; header_3_font=&#8221;Quicksand||||||||&#8221; header_3_text_align=&#8221;left&#8221; header_3_text_color=&#8221;#c88761&#8243; header_3_font_size=&#8221;29px&#8221; header_3_line_height=&#8221;1.5em&#8221; custom_margin=&#8221;45px||-8px|||&#8221; custom_padding=&#8221;||3px|||&#8221; header_text_shadow_style=&#8221;preset3&#8243; header_text_shadow_color=&#8221;#ffffff&#8221; global_colors_info=&#8221;{}&#8221;]<\/p>\n<h3>Maxim Roll: Your Guide, Co-founder<\/h3>\n<p>[\/et_pb_text][et_pb_text _builder_version=&#8221;4.27.4&#8243; text_font=&#8221;Source Sans Pro|300|||||||&#8221; text_text_color=&#8221;#000000&#8243; text_font_size=&#8221;20px&#8221; text_line_height=&#8221;1.5em&#8221; custom_margin=&#8221;-7px||8px|||&#8221; custom_padding=&#8221;24px||87px|||&#8221; global_colors_info=&#8221;{}&#8221;]<\/p>\n<p>I fell in love with wine through travel. On my journeys I have been lucky enough to explore wine regions across Australia and New Zealand. My time there gained me the knowledge of local vineyards,\u00a0and experienced some of the finest wines in the world. In Cairns, Australia, I worked and trained in several areas of food and beverage, as well as event planning, wine tastings and training for restaurants and hotels.<\/p>\n<p>I wouldn&#8217;t say I&#8217;m a wine buff, but I very much enjoy a glass of wine or two :-)<\/p>\n<p>And after meeting Anna, wine became my everyday world. I earned my sommelier certification through Valtice Wine Academy and I keep studying and learning something new every day.<\/p>\n<p>When I&#8217;m not working you can catch me cooking and matching my creations with local varietals, conquering the white waters with a kayak or working on my newest painting (<strong><a href=\"https:\/\/www.maximroll.com\/\">https:\/\/www.maximroll.com\/<\/a><\/strong>).<\/p>\n<p>I feel most lucky that I can call Mikulov my home. This beautiful wine town is surrounded by white, chalky hills and adorned with an amazing hilltop Renaissance chateau, visible for kilometres around. No wonder South Moravia is often compared to Tuscany.<\/p>\n<p>I&#8217;m very excited about the fresh and unique approach we bring to delivering wine adventures with good vibes and a personal touch.<\/p>\n<p>[\/et_pb_text][\/et_pb_column][et_pb_column type=&#8221;2_5&#8243; _builder_version=&#8221;4.19.2&#8243; background_color=&#8221;#f7f7f7&#8243; background_image=&#8221;https:\/\/www.winetoursmoravia.com\/wp-content\/uploads\/2023\/02\/20221020_141249-2.jpg&#8221; background_position=&#8221;center_right&#8221; custom_padding=&#8221;40px|40px|40px|40px|false|false&#8221; animation_direction=&#8221;right&#8221; global_colors_info=&#8221;{}&#8221;][\/et_pb_column][\/et_pb_row][\/et_pb_section]<\/p>\n","protected":false},"excerpt":{"rendered":"<p>About usHome\u00a0\/ About usWine tours Moravia is an opportunity for us to share our passion of the people, the wines and the region that we love. Our mission is to help you discover, taste and enjoy the best of an emerging and exciting wine region.Ing. Anna Havlickova: Your Guide, Co-founderMy passion for wine is a [&hellip;]<\/p>\n","protected":false},"author":1,"featured_media":0,"parent":0,"menu_order":0,"comment_status":"closed","ping_status":"closed","template":"","meta":{"_et_pb_use_builder":"on","_et_pb_old_content":"<p>[et_pb_section fb_built=\"1\" _builder_version=\"4.2.2\" custom_margin=\"||||false|false\" custom_padding=\"||2px||false|false\" border_width_top=\"1px\" border_color_top=\"#d8d8d8\"][et_pb_row column_structure=\"3_5,2_5\" use_custom_gutter=\"on\" gutter_width=\"1\" make_equal=\"on\" _builder_version=\"4.2.2\" background_position=\"bottom_left\" width=\"98%\" max_width=\"1500px\" custom_margin=\"|auto|2px|auto||\" custom_padding=\"0px||1px||false|false\" border_width_all=\"20px\" border_color_all=\"#ffffff\"][et_pb_column type=\"3_5\" _builder_version=\"4.2.2\" background_color=\"#f7f7f7\" custom_padding=\"30px|40px|30px|40px|false|false\" border_width_right=\"30px\" border_color_right=\"#ffffff\"][et_pb_text _builder_version=\"4.2.2\" text_font=\"Poppins|200|||||||\" text_text_color=\"#494949\" text_font_size=\"51px\" text_line_height=\"1.2em\" header_font=\"Quicksand||||||||\" header_text_color=\"#c88761\" header_font_size=\"60px\" text_orientation=\"center\" custom_margin=\"71px||4px|||\" header_font_size_tablet=\"50px\" header_font_size_phone=\"46px\" header_font_size_last_edited=\"on|tablet\" header_text_shadow_style=\"preset2\" header_text_shadow_horizontal_length=\"0em\" header_text_shadow_vertical_length=\"0em\" header_text_shadow_blur_strength=\"0.18em\" header_text_shadow_color=\"#ffffff\"]<\/p><h1>Kdo jsme<\/h1><p>[\/et_pb_text][et_pb_text _builder_version=\"4.2.2\" text_font=\"Source Sans Pro|300|||||||\" text_text_color=\"#000000\" text_font_size=\"16px\" text_line_height=\"1.5em\" text_orientation=\"center\" custom_margin=\"2px||15px||false|false\" custom_padding=\"5px||12px||false|false\" hover_enabled=\"0\"]<\/p><p><a href=\"http:\/\/www.winetoursmoravia.com\/\">\u00davod<\/a> \/ O n\u00e1s<\/p><p>[\/et_pb_text][et_pb_divider color=\"#d6d6d6\" divider_weight=\"1px\" _builder_version=\"4.2.2\" width=\"50%\" module_alignment=\"center\"][\/et_pb_divider][et_pb_text _builder_version=\"4.2.2\" text_font=\"Source Sans Pro|300|||||||\" text_text_color=\"#000000\" text_font_size=\"20px\" text_line_height=\"1.5em\" text_orientation=\"center\" custom_margin=\"||126px|||\" custom_padding=\"24px||12px|||\" hover_enabled=\"0\"]<\/p><p>Wine tours Moravia je mal\u00e1 lok\u00e1ln\u00ed firma, kter\u00e1 vznikla z velk\u00e9 touhy pod\u011blit se o na\u0161i v\u00e1\u0161e\u0148 k v\u00ednu a k ji\u017en\u00ed Morav\u011b, na\u0161emu domovu.<\/p><p>Nab\u00edz\u00edme autentick\u00e9 z\u00e1\u017eitkov\u00e9 cesty za v\u00ednem, postaven\u00e9 na na\u0161ich letit\u00fdch zku\u0161enostech. V\u011b\u0159\u00edme, \u017ee toho m\u00e1me mnoho co nab\u00eddnout a velice r\u00e1di se o to s v\u00e1mi pod\u011bl\u00edme.<\/p><p>P\u0159esv\u011bd\u010d\u00edme v\u00e1s, \u017ee na ji\u017en\u00ed Morav\u011b stoj\u00ed ka\u017ed\u00fd den za to, a \u017ee l\u00e1ska k v\u00ednu spojuje!<\/p><p>[\/et_pb_text][\/et_pb_column][et_pb_column type=\"2_5\" _builder_version=\"4.2.2\" background_enable_color=\"off\" background_image=\"http:\/\/www.winetoursmoravia.com\/wp-content\/uploads\/2020\/02\/spole\u010dn\u00e1.jpg\" background_position=\"center_right\" custom_padding=\"5px|5px|5px|5px|false|false\" animation_direction=\"right\"][\/et_pb_column][\/et_pb_row][\/et_pb_section][et_pb_section fb_built=\"1\" _builder_version=\"4.2.2\" background_color_gradient_direction=\"90deg\" background_enable_image=\"off\" custom_margin=\"8px|||||\" custom_padding=\"1px||0px|||\" border_width_all=\"20px\" border_color_all=\"#ffffff\" border_width_bottom=\"0px\"][et_pb_row column_structure=\"2_5,3_5\" use_custom_gutter=\"on\" gutter_width=\"1\" make_equal=\"on\" _builder_version=\"4.2.2\" background_position=\"bottom_left\" width=\"98%\" max_width=\"1500px\" custom_margin=\"|auto|2px|auto||\" custom_padding=\"0px||1px|||\"][et_pb_column type=\"2_5\" _builder_version=\"4.2.2\" background_enable_color=\"off\" background_image=\"http:\/\/www.winetoursmoravia.com\/wp-content\/uploads\/2020\/02\/Anna-scaled.jpg\" background_position=\"center_right\" custom_padding=\"30px|40px|30px|40px|false|false\" animation_direction=\"left\" border_width_right=\"30px\" border_color_right=\"#ffffff\"][\/et_pb_column][et_pb_column type=\"3_5\" _builder_version=\"4.2.2\" background_color=\"#f7f7f7\" background_enable_image=\"off\" background_position=\"center_right\" custom_padding=\"30px|40px|30px|40px|false|false\" animation_direction=\"right\"][et_pb_text _builder_version=\"4.2.2\" text_font=\"Poppins|200|||||||\" text_text_color=\"#494949\" text_font_size=\"51px\" text_line_height=\"1.2em\" header_font=\"Quicksand|300|||||||\" header_text_color=\"#444444\" header_font_size=\"60px\" header_2_font=\"Quicksand||||||||\" header_2_text_color=\"#c88761\" header_2_font_size=\"32px\" header_2_line_height=\"1.2em\" header_3_font=\"Quicksand||||||||\" header_3_text_align=\"left\" header_3_text_color=\"#c88761\" header_3_font_size=\"29px\" header_3_line_height=\"1.5em\" custom_margin=\"33px||-8px|||\" custom_padding=\"||3px|||\" header_text_shadow_style=\"preset3\" header_text_shadow_color=\"#ffffff\"]<\/p><h3>Ing. Anna Havl\u00ed\u010dkov\u00e1<\/h3><p>[\/et_pb_text][et_pb_text _builder_version=\"4.2.2\" text_font=\"Source Sans Pro|300|||||||\" text_text_color=\"#000000\" text_font_size=\"20px\" text_line_height=\"1.5em\" custom_margin=\"-7px||30px|||\" custom_padding=\"24px||31px|||\"]<\/p><p>V\u00edno je mou v\u00e1\u0161n\u00ed p\u0159es 10 let. U\u017e p\u0159i studiu v Praze jsem nav\u0161t\u011bvovala mnoh\u00e9 sommeli\u00e9rsk\u00e9 kurzy a degustace, kter\u00e9 vyvrcholily slo\u017een\u00edm sommeliersk\u00fdch zkou\u0161ek za\u0161t\u00edt\u011bn\u00fdch Asociac\u00ed sommeli\u00e9r\u016f \u010cR. <br \/>St\u00e1le m\u011b to v\u0161ak t\u00e1hlo p\u0159\u00edmo ke zrodu v\u00edna, k jeho v\u00fdrob\u011b. Sen se mi splnil v roce 2013, kdy jsem se p\u0159est\u011bhovala do Mikulova a stala se spolumajitelkou mal\u00e9ho vina\u0159stv\u00ed. Pr\u00e1ce ve vinohradu a ve sklep\u011b se staly na n\u011bkolik let mou ka\u017edodenn\u00ed n\u00e1pln\u00ed. Nebyla to v\u017edy romantika, ale nelituji ani jednoho dne, byla to velk\u00e1 zku\u0161enost.<\/p><p>Krom\u011b v\u00edna m\u00e1m ve sv\u00e9 krvi tak\u00e9 cestov\u00e1n\u00ed. Mezi m\u00e9 favority rozhodn\u011b pat\u0159\u00ed Long Island v USA, kde jsem str\u00e1vila 3 roky a kam se budu v\u017edy vracet. Nadchla m\u011b jednoduchost \u017eivota v Austr\u00e1lii, p\u0159\u00edrodn\u00ed kr\u00e1sy Nov\u00e9ho Z\u00e9landu, miluji subsaharskou Afriku, nech\u00e1m se v\u017edy znovu r\u00e1da \u0161okovat Indi\u00ed a v zim\u011b se r\u00e1da zah\u0159eji v buddhistick\u00e9 JV Asii.<\/p><p>V\u017edycky jsem se v\u0161ak r\u00e1da vracela dom\u016f a v\u011bd\u011bla jsem, \u017ee se chci usadit na ji\u017en\u00ed Morav\u011b, tedy m\u00edstu, kter\u00e9 je m\u00e9mu srdci nejbl\u00ed\u017ee.<\/p><p>Definitivn\u00ed rozhodnut\u00ed vr\u00e1tit se na P\u00e1lavu p\u0159i\u0161lo p\u0159ekvapiv\u011b b\u011bhem n\u00e1v\u0161t\u011bvy Napa Valley v Califronii. Hodn\u011b jsem od t\u00e9to vina\u0159sk\u00e9 mekky o\u010dek\u00e1vala a p\u0159i\u0161lo zklam\u00e1n\u00ed. V\u00edna luxusn\u00ed to ano, ale prost\u0159ed\u00ed p\u0159\u00edli\u0161 hektick\u00e9, komer\u010dn\u00ed a v\u0161ude, kam nedos\u00e1hla zavla\u017eovac\u00ed za\u0159\u00edzen\u00ed, tot\u00e1ln\u00ed sucho. Bylo to otev\u0159en\u00ed o\u010d\u00ed, a\u0165 si v\u00e1\u017e\u00edm toho, co m\u00e1m doma.<\/p><p>[\/et_pb_text][\/et_pb_column][\/et_pb_row][\/et_pb_section][et_pb_section fb_built=\"1\" _builder_version=\"4.2.2\" background_color_gradient_direction=\"90deg\" background_enable_image=\"off\" custom_margin=\"8px|||||\" custom_padding=\"1px||0px|||\" border_width_all=\"20px\" border_color_all=\"#ffffff\" border_width_bottom=\"0px\"][et_pb_row column_structure=\"3_5,2_5\" use_custom_gutter=\"on\" gutter_width=\"1\" make_equal=\"on\" _builder_version=\"4.2.2\" width=\"98%\" max_width=\"1500px\" custom_margin=\"|auto|2px|auto||\" custom_padding=\"0px||27px|||\"][et_pb_column type=\"3_5\" _builder_version=\"4.2.2\" background_color=\"#f7f7f7\" background_enable_image=\"off\" background_position=\"center_right\" custom_padding=\"30px|40px|30px|40px|false|false\" animation_direction=\"left\" border_width_right=\"30px\" border_color_right=\"#ffffff\"][et_pb_text _builder_version=\"4.2.2\" text_font=\"Poppins|200|||||||\" text_text_color=\"#494949\" text_font_size=\"51px\" text_line_height=\"1.2em\" header_font=\"Quicksand|300|||||||\" header_text_color=\"#444444\" header_font_size=\"60px\" header_2_font=\"Quicksand||||||||\" header_2_text_color=\"#c88761\" header_2_font_size=\"32px\" header_2_line_height=\"1.2em\" header_3_font=\"Quicksand||||||||\" header_3_text_align=\"left\" header_3_text_color=\"#c88761\" header_3_font_size=\"29px\" header_3_line_height=\"1.5em\" custom_margin=\"45px||-8px|||\" custom_padding=\"||3px|||\" header_text_shadow_style=\"preset3\" header_text_shadow_color=\"#ffffff\"]<\/p><h3>Maxim Roll<\/h3><p>[\/et_pb_text][et_pb_text _builder_version=\"4.2.2\" text_font=\"Source Sans Pro|300|||||||\" text_text_color=\"#000000\" text_font_size=\"20px\" text_line_height=\"1.5em\" custom_margin=\"-7px||8px|||\" custom_padding=\"24px||87px|||\"]<\/p><p>L\u00e1sku k v\u00ednu jsem v sob\u011b objevil p\u0159i sv\u00e9m skoro dvou ro\u010dn\u00edm pobytu v Austr\u00e1lii, kde jsem s v\u00ednem p\u0159ich\u00e1zel do styku ka\u017ed\u00fd den v pr\u00e1ci a n\u00e1sledn\u011b jsem pak projel v\u0161echny zn\u00e1m\u00e9 vina\u0159sk\u00e9 oblasti Austr\u00e1lie. Nejv\u00edce na m\u011b zap\u016fsobil region McLaren Vale s \u0159adou origin\u00e1ln\u00edch boutique vina\u0159stv\u00ed, a zejm\u00e9na pak jejich sametov\u00fd Shiraz.<\/p><p>Nepokl\u00e1d\u00e1m se za znalce v\u00edna, nicm\u00e9n\u011b skleni\u010dku nebo dv\u011b si velice r\u00e1d vychutn\u00e1m. S Ani\u010dkou jsem poznal \u00fapln\u011b jin\u00fd rozm\u011br vinn\u00e9ho sv\u011bta a mus\u00edm \u0159\u00edci, \u017ee m\u011b to v\u00edc n\u011b\u017e bav\u00ed!:-) Absolvoval jsem kurz Sommelier po\u0159\u00e1dan\u00fd Vina\u0159skou akademi\u00ed Valtice a d\u00e1l si ka\u017ed\u00fd den roz\u0161i\u0159uji sv\u00e9 znalosti, zkou\u0161\u00edm nov\u00e1 v\u00edna a zji\u0161\u0165uji, kolik toho je\u0161t\u011b nev\u00edm. <br \/>Ve sv\u00e9m voln\u00e9m \u010dase r\u00e1d vyraz\u00edm s kajakem na divokou vodu, odreaguji se u malov\u00e1n\u00ed nebo p\u0159i va\u0159en\u00ed.<\/p><p>P\u0159esto\u017ee poch\u00e1z\u00edm z Hradce Kr\u00e1lov\u00e9, na Ji\u017en\u00ed Moravu jsme \u010dasto jezdili u\u017e od m\u00e9ho d\u011btstv\u00ed a kouzlu P\u00e1lavy jsem naprosto podlehl.<\/p><p>[\/et_pb_text][\/et_pb_column][et_pb_column type=\"2_5\" _builder_version=\"4.2.2\" background_color=\"#f7f7f7\" background_image=\"http:\/\/www.winetoursmoravia.com\/wp-content\/uploads\/2020\/02\/Max.jpg\" background_position=\"center_right\" custom_padding=\"40px|40px|40px|40px|false|false\" animation_direction=\"right\"][\/et_pb_column][\/et_pb_row][\/et_pb_section]<\/p>","_et_gb_content_width":"","_monsterinsights_skip_tracking":false,"_monsterinsights_sitenote_active":false,"_monsterinsights_sitenote_note":"","_monsterinsights_sitenote_category":0,"two_page_speed":[],"footnotes":""},"class_list":["post-1731","page","type-page","status-publish","hentry"],"aioseo_notices":[],"_links":{"self":[{"href":"https:\/\/www.winetoursmoravia.com\/en\/wp-json\/wp\/v2\/pages\/1731","targetHints":{"allow":["GET"]}}],"collection":[{"href":"https:\/\/www.winetoursmoravia.com\/en\/wp-json\/wp\/v2\/pages"}],"about":[{"href":"https:\/\/www.winetoursmoravia.com\/en\/wp-json\/wp\/v2\/types\/page"}],"author":[{"embeddable":true,"href":"https:\/\/www.winetoursmoravia.com\/en\/wp-json\/wp\/v2\/users\/1"}],"replies":[{"embeddable":true,"href":"https:\/\/www.winetoursmoravia.com\/en\/wp-json\/wp\/v2\/comments?post=1731"}],"version-history":[{"count":22,"href":"https:\/\/www.winetoursmoravia.com\/en\/wp-json\/wp\/v2\/pages\/1731\/revisions"}],"predecessor-version":[{"id":8689,"href":"https:\/\/www.winetoursmoravia.com\/en\/wp-json\/wp\/v2\/pages\/1731\/revisions\/8689"}],"wp:attachment":[{"href":"https:\/\/www.winetoursmoravia.com\/en\/wp-json\/wp\/v2\/media?parent=1731"}],"curies":[{"name":"wp","href":"https:\/\/api.w.org\/{rel}","templated":true}]}}