{"id":1739,"date":"2020-03-10T09:24:46","date_gmt":"2020-03-10T09:24:46","guid":{"rendered":"http:\/\/www.winetoursmoravia.com\/?page_id=1739"},"modified":"2025-10-15T14:05:53","modified_gmt":"2025-10-15T14:05:53","slug":"transportation","status":"publish","type":"page","link":"https:\/\/www.winetoursmoravia.com\/en\/transportation\/","title":{"rendered":"Transportation"},"content":{"rendered":"<p>[et_pb_section fb_built=&#8221;1&#8243; _builder_version=&#8221;4.16&#8243; custom_margin=&#8221;||||false|false&#8221; custom_padding=&#8221;||67px||false|false&#8221; border_width_top=&#8221;1px&#8221; border_color_top=&#8221;#d8d8d8&#8243; global_colors_info=&#8221;{}&#8221;][et_pb_row use_custom_gutter=&#8221;on&#8221; gutter_width=&#8221;1&#8243; make_equal=&#8221;on&#8221; _builder_version=&#8221;4.16&#8243; background_position=&#8221;bottom_left&#8221; width=&#8221;98%&#8221; max_width=&#8221;1500px&#8221; module_alignment=&#8221;center&#8221; custom_margin=&#8221;|0px|2px|0px|false|false&#8221; custom_padding=&#8221;0px||1px||false|false&#8221; border_width_all=&#8221;20px&#8221; border_color_all=&#8221;#ffffff&#8221; global_colors_info=&#8221;{}&#8221;][et_pb_column type=&#8221;4_4&#8243; _builder_version=&#8221;4.16&#8243; background_color=&#8221;#f7f7f7&#8243; custom_padding=&#8221;30px|30px|30px|30px|false|false&#8221; border_color_right=&#8221;#ffffff&#8221; global_colors_info=&#8221;{}&#8221;][et_pb_text _builder_version=&#8221;4.16&#8243; text_font=&#8221;Poppins|200|||||||&#8221; text_text_color=&#8221;#494949&#8243; text_font_size=&#8221;51px&#8221; text_line_height=&#8221;1.2em&#8221; header_font=&#8221;Quicksand||||||||&#8221; header_text_color=&#8221;#c88761&#8243; header_font_size=&#8221;60px&#8221; text_orientation=&#8221;center&#8221; custom_margin=&#8221;71px||4px|||&#8221; header_font_size_tablet=&#8221;50px&#8221; header_font_size_phone=&#8221;30px&#8221; header_font_size_last_edited=&#8221;on|phone&#8221; header_text_shadow_style=&#8221;preset2&#8243; header_text_shadow_horizontal_length=&#8221;0em&#8221; header_text_shadow_vertical_length=&#8221;0em&#8221; header_text_shadow_blur_strength=&#8221;0.18em&#8221; header_text_shadow_color=&#8221;#ffffff&#8221; global_colors_info=&#8221;{}&#8221;]<\/p>\n<h1>Private transportation<\/h1>\n<p>[\/et_pb_text][et_pb_text _builder_version=&#8221;4.16&#8243; text_font=&#8221;Source Sans Pro|300|||||||&#8221; text_text_color=&#8221;#000000&#8243; text_font_size=&#8221;16px&#8221; text_line_height=&#8221;1.5em&#8221; text_orientation=&#8221;center&#8221; custom_margin=&#8221;2px||15px||false|false&#8221; custom_padding=&#8221;5px||12px||false|false&#8221; global_colors_info=&#8221;{}&#8221;]<\/p>\n<p><a href=\"http:\/\/www.winetoursmoravia.com\/en\/\">Home<\/a>\u00a0\/ Transportation<\/p>\n<p>[\/et_pb_text][et_pb_divider color=&#8221;#d6d6d6&#8243; divider_weight=&#8221;1px&#8221; _builder_version=&#8221;4.16&#8243; width=&#8221;50%&#8221; module_alignment=&#8221;center&#8221; global_colors_info=&#8221;{}&#8221;][\/et_pb_divider][et_pb_text _builder_version=&#8221;4.16&#8243; text_font=&#8221;Quicksand|600|||||||&#8221; text_text_color=&#8221;#c88761&#8243; text_font_size=&#8221;20px&#8221; text_line_height=&#8221;1.5em&#8221; text_orientation=&#8221;center&#8221; custom_margin=&#8221;||8px|||&#8221; custom_padding=&#8221;24px||7px|||&#8221; global_colors_info=&#8221;{}&#8221;]<\/p>\n<p>We offer<\/p>\n<p>[\/et_pb_text][et_pb_text _builder_version=&#8221;4.19.2&#8243; text_font=&#8221;Source Sans Pro|300|||||||&#8221; text_text_color=&#8221;#000000&#8243; text_font_size=&#8221;20px&#8221; text_line_height=&#8221;1.5em&#8221; text_orientation=&#8221;center&#8221; custom_margin=&#8221;-5px||58px|||&#8221; custom_padding=&#8221;15px||12px|||&#8221; global_colors_info=&#8221;{}&#8221;]<\/p>\n<p>Airport pick-up and drop-off<br \/>Corporate transportation<br \/>Private transportation<br \/>Hotel transportation<br \/>Event transportation<\/p>\n<p>Did you get stranded at a winery?<br \/>Do you need a lift to your hotel or an event?<\/p>\n<p>Contact us and we will safely get you to your destination.<\/p>\n<p><img loading=\"lazy\" decoding=\"async\" class=\"wp-image-198 alignnone size-full\" src=\"http:\/\/www.winetoursmoravia.com\/wp-content\/uploads\/2020\/01\/Telefon.png\" alt=\"\" width=\"24\" height=\"24\" srcset=\"https:\/\/www.winetoursmoravia.com\/wp-content\/uploads\/2020\/01\/Telefon.png 256w, https:\/\/www.winetoursmoravia.com\/wp-content\/uploads\/2020\/01\/Telefon-150x150.png 150w\" sizes=\"(max-width: 24px) 100vw, 24px\" \/>\u00a0 \u00a0<a href=\"tel:+420722056731\"><span style=\"color: #c88761;\">+420 722 056 731<\/span><\/a><\/p>\n<p>[\/et_pb_text][\/et_pb_column][\/et_pb_row][et_pb_row column_structure=&#8221;1_2,1_2&#8243; use_custom_gutter=&#8221;on&#8221; gutter_width=&#8221;2&#8243; make_equal=&#8221;on&#8221; _builder_version=&#8221;4.16&#8243; background_position=&#8221;bottom_left&#8221; width=&#8221;98%&#8221; max_width=&#8221;1500px&#8221; module_alignment=&#8221;center&#8221; custom_margin=&#8221;-11px|0px|2px|0px|false|false&#8221; custom_padding=&#8221;0px|0px|1px|0px|false|false&#8221; border_width_all=&#8221;20px&#8221; border_color_all=&#8221;#ffffff&#8221; global_colors_info=&#8221;{}&#8221;][et_pb_column type=&#8221;1_2&#8243; _builder_version=&#8221;4.16&#8243; background_enable_color=&#8221;off&#8221; background_enable_image=&#8221;off&#8221; custom_padding=&#8221;30px|30px|30px|30px|false|false&#8221; border_color_all=&#8221;#c88761&#8243; border_style_all=&#8221;double&#8221; border_width_top=&#8221;3px&#8221; border_width_right=&#8221;3px&#8221; global_colors_info=&#8221;{}&#8221;][et_pb_text _builder_version=&#8221;4.16&#8243; text_font=&#8221;Quicksand|600|||||||&#8221; text_text_color=&#8221;#c88761&#8243; text_font_size=&#8221;25px&#8221; text_line_height=&#8221;1.5em&#8221; custom_margin=&#8221;||8px|||&#8221; custom_padding=&#8221;24px||4px|||&#8221; global_colors_info=&#8221;{}&#8221;]<\/p>\n<p>Pricelist of taxi transportation<\/p>\n<p>[\/et_pb_text][et_pb_text _builder_version=&#8221;4.19.2&#8243; text_font=&#8221;Source Sans Pro|300|||||||&#8221; text_text_color=&#8221;#000000&#8243; text_font_size=&#8221;16px&#8221; text_line_height=&#8221;2em&#8221; custom_margin=&#8221;-5px||18px|||&#8221; custom_padding=&#8221;15px||12px|||&#8221; global_colors_info=&#8221;{}&#8221;]<\/p>\n<p><img loading=\"lazy\" decoding=\"async\" class=\"wp-image-495 alignnone size-full\" src=\"http:\/\/www.winetoursmoravia.com\/wp-content\/uploads\/2020\/02\/bleach.png\" alt=\"\" width=\"9\" height=\"9\" srcset=\"https:\/\/www.winetoursmoravia.com\/wp-content\/uploads\/2020\/02\/bleach.png 256w, https:\/\/www.winetoursmoravia.com\/wp-content\/uploads\/2020\/02\/bleach-150x150.png 150w\" sizes=\"(max-width: 9px) 100vw, 9px\" \/>\u00a0 Flat Rate per kilometer: 30 CZK\/ 1,3 EUR per km<\/p>\n<p><img loading=\"lazy\" decoding=\"async\" class=\"wp-image-495 alignnone size-full\" src=\"http:\/\/www.winetoursmoravia.com\/wp-content\/uploads\/2020\/02\/bleach.png\" alt=\"\" width=\"9\" height=\"9\" srcset=\"https:\/\/www.winetoursmoravia.com\/wp-content\/uploads\/2020\/02\/bleach.png 256w, https:\/\/www.winetoursmoravia.com\/wp-content\/uploads\/2020\/02\/bleach-150x150.png 150w\" sizes=\"(max-width: 9px) 100vw, 9px\" \/>\u00a0\u00a0All taxes and tolls are included<br \/><img loading=\"lazy\" decoding=\"async\" class=\"wp-image-495 alignnone size-full\" src=\"http:\/\/www.winetoursmoravia.com\/wp-content\/uploads\/2020\/02\/bleach.png\" alt=\"\" width=\"9\" height=\"9\" srcset=\"https:\/\/www.winetoursmoravia.com\/wp-content\/uploads\/2020\/02\/bleach.png 256w, https:\/\/www.winetoursmoravia.com\/wp-content\/uploads\/2020\/02\/bleach-150x150.png 150w\" sizes=\"(max-width: 9px) 100vw, 9px\" \/> \u00a0Free water on board<\/p>\n<p>When planning your next flight, leave the frustration of traffic, parking and wrestling your luggage behind. Instead, choose our airport service to Prague, Vienna or Bratislava Airport.<\/p>\n<p>Let us make your next trip to or from the airport hassle free.\u00a0<\/p>\n<p>[\/et_pb_text][\/et_pb_column][et_pb_column type=&#8221;1_2&#8243; _builder_version=&#8221;4.16&#8243; background_enable_color=&#8221;off&#8221; background_enable_image=&#8221;off&#8221; custom_padding=&#8221;30px|30px|30px|30px|false|false&#8221; border_color_all=&#8221;#c88761&#8243; border_style_all=&#8221;double&#8221; border_width_top=&#8221;3px&#8221; border_width_left=&#8221;3px&#8221; global_colors_info=&#8221;{}&#8221;][et_pb_text _builder_version=&#8221;4.16&#8243; text_font=&#8221;Quicksand|600|||||||&#8221; text_text_color=&#8221;#c88761&#8243; text_font_size=&#8221;25px&#8221; text_line_height=&#8221;1.5em&#8221; custom_margin=&#8221;||8px|||&#8221; custom_padding=&#8221;24px||6px|||&#8221; global_colors_info=&#8221;{}&#8221;]<\/p>\n<p>Price list to or from airport<\/p>\n<p>[\/et_pb_text][et_pb_text _builder_version=&#8221;4.27.4&#8243; text_font=&#8221;Source Sans Pro|300|||||||&#8221; text_text_color=&#8221;#000000&#8243; text_font_size=&#8221;16px&#8221; text_line_height=&#8221;1.6em&#8221; header_3_font=&#8221;Quicksand|600||on|||||&#8221; header_3_font_size=&#8221;14px&#8221; header_3_line_height=&#8221;1.7em&#8221; custom_margin=&#8221;-5px||5px|||&#8221; custom_padding=&#8221;15px||12px|||&#8221; global_colors_info=&#8221;{}&#8221;]<\/p>\n<table>\n<tbody>\n<tr>\n<td style=\"width: 153.016px;\">\n<h3><strong>Route<\/strong><\/h3>\n<\/td>\n<td style=\"width: 149.594px;\">\n<h3><strong>Minivan 6 pax<\/strong><\/h3>\n<\/td>\n<td style=\"width: 149.312px;\">\n<h3><strong>Minivan 8 pax<\/strong><\/h3>\n<\/td>\n<\/tr>\n<tr>\n<td style=\"width: 153.016px;\">Mikulov\u00a0\u2192 Prague<\/td>\n<td style=\"width: 149.594px;\">6 000 CZK\/250 EUR<\/td>\n<td style=\"width: 149.312px;\">6 200 CZK\/260 EUR<\/td>\n<\/tr>\n<tr>\n<td style=\"width: 153.016px;\">Mikulov \u2192 Brno<\/td>\n<td style=\"width: 149.594px;\">1 800 CZK\/75 EUR<\/td>\n<td style=\"width: 149.312px;\">2 000 CZK\/80 EUR<\/td>\n<\/tr>\n<tr>\n<td style=\"width: 153.016px;\">Mikulov \u2192 Vienna<\/td>\n<td style=\"width: 149.594px;\">3 000 CZK\/125 EUR<\/td>\n<td style=\"width: 149.312px;\">3 300 CZK\/135 EUR<\/td>\n<\/tr>\n<tr>\n<td style=\"width: 153.016px;\">Mikulov \u2192 Bratislava<\/td>\n<td style=\"width: 149.594px;\">3 000 CZK\/125 EUR<\/td>\n<td style=\"width: 149.312px;\">3 300 CZK\/135 EUR<\/td>\n<\/tr>\n<\/tbody>\n<\/table>\n<p>&nbsp;<\/p>\n<p>[\/et_pb_text][\/et_pb_column][\/et_pb_row][et_pb_row _builder_version=&#8221;4.16&#8243; _module_preset=&#8221;default&#8221; width=&#8221;92%&#8221; max_width=&#8221;1500px&#8221; global_colors_info=&#8221;{}&#8221;][et_pb_column type=&#8221;4_4&#8243; _builder_version=&#8221;4.16&#8243; _module_preset=&#8221;default&#8221; global_colors_info=&#8221;{}&#8221;][et_pb_image src=&#8221;http:\/\/www.winetoursmoravia.com\/wp-content\/uploads\/2020\/08\/IMG_5650-orez-scaled.jpg&#8221; title_text=&#8221;IMG_5650-orez&#8221; _builder_version=&#8221;4.16&#8243; _module_preset=&#8221;default&#8221; box_shadow_style=&#8221;preset1&#8243; box_shadow_blur=&#8221;40px&#8221; box_shadow_spread=&#8221;-1px&#8221; global_colors_info=&#8221;{}&#8221;][\/et_pb_image][\/et_pb_column][\/et_pb_row][\/et_pb_section]<\/p>\n","protected":false},"excerpt":{"rendered":"<p>Private transportationHome\u00a0\/ TransportationWe offerAirport pick-up and drop-offCorporate transportationPrivate transportationHotel transportationEvent transportation Did you get stranded at a winery?Do you need a lift to your hotel or an event? Contact us and we will safely get you to your destination. \u00a0 \u00a0+420 722 056 731Pricelist of taxi transportation\u00a0 Flat Rate per kilometer: 30 CZK\/ 1,3 EUR [&hellip;]<\/p>\n","protected":false},"author":1,"featured_media":0,"parent":0,"menu_order":0,"comment_status":"closed","ping_status":"closed","template":"","meta":{"_et_pb_use_builder":"on","_et_pb_old_content":"<p>[et_pb_section fb_built=\"1\" _builder_version=\"4.2.2\" custom_margin=\"||||false|false\" custom_padding=\"||67px||false|false\" border_width_top=\"1px\" border_color_top=\"#d8d8d8\"][et_pb_row use_custom_gutter=\"on\" gutter_width=\"1\" make_equal=\"on\" _builder_version=\"4.2.2\" background_position=\"bottom_left\" width=\"98%\" max_width=\"1500px\" module_alignment=\"center\" custom_margin=\"|0px|2px|0px|false|false\" custom_padding=\"0px||1px||false|false\" border_width_all=\"20px\" border_color_all=\"#ffffff\"][et_pb_column type=\"4_4\" _builder_version=\"4.2.2\" background_color=\"#f7f7f7\" custom_padding=\"30px|30px|30px|30px|false|false\" border_color_right=\"#ffffff\"][et_pb_text _builder_version=\"4.2.2\" text_font=\"Poppins|200|||||||\" text_text_color=\"#494949\" text_font_size=\"51px\" text_line_height=\"1.2em\" header_font=\"Quicksand||||||||\" header_text_color=\"#c88761\" header_font_size=\"60px\" text_orientation=\"center\" custom_margin=\"71px||4px|||\" header_font_size_tablet=\"50px\" header_font_size_phone=\"46px\" header_font_size_last_edited=\"on|tablet\" header_text_shadow_style=\"preset2\" header_text_shadow_horizontal_length=\"0em\" header_text_shadow_vertical_length=\"0em\" header_text_shadow_blur_strength=\"0.18em\" header_text_shadow_color=\"#ffffff\"]<\/p><h1>P\u0159eprava osob<\/h1><p>[\/et_pb_text][et_pb_text _builder_version=\"4.2.2\" text_font=\"Source Sans Pro|300|||||||\" text_text_color=\"#000000\" text_font_size=\"16px\" text_line_height=\"1.5em\" text_orientation=\"center\" custom_margin=\"2px||15px||false|false\" custom_padding=\"5px||12px||false|false\"]<\/p><p><a href=\"http:\/\/www.winetoursmoravia.com\/\">\u00davod<\/a> \/ P\u0159eprava<\/p><p>[\/et_pb_text][et_pb_divider color=\"#d6d6d6\" divider_weight=\"1px\" _builder_version=\"4.2.2\" width=\"50%\" module_alignment=\"center\"][\/et_pb_divider][et_pb_text _builder_version=\"4.2.2\" text_font=\"Quicksand|600|||||||\" text_text_color=\"#c88761\" text_font_size=\"20px\" text_line_height=\"1.5em\" text_orientation=\"center\" custom_margin=\"||8px|||\" custom_padding=\"24px||7px|||\"]<\/p><p>Nab\u00edz\u00edme<\/p><p>[\/et_pb_text][et_pb_text _builder_version=\"4.2.2\" text_font=\"Source Sans Pro|300|||||||\" text_text_color=\"#000000\" text_font_size=\"20px\" text_line_height=\"1.5em\" text_orientation=\"center\" custom_margin=\"-5px||58px|||\" custom_padding=\"15px||12px|||\" hover_enabled=\"0\"]<\/p><p>Dopravu na leti\u0161t\u011b a zp\u011bt (Praha, V\u00edde\u0148, Bratislava)<br \/>Osobn\u00ed p\u0159epravu<br \/>Rozvoz firem na ve\u010d\u00edrky<br \/>Hotelovou p\u0159epravu<\/p><p>Prot\u00e1hla se v\u00e1m ochutn\u00e1vka ve vinn\u00e9m skl\u00edpku? Neobst\u00e1l v\u00e1\u0161 \u0159idi\u010d v roli abstinenta?<br \/>Nem\u00e1te se jak dostat na oslavu? Zdr\u017eeli jste se na p\u00e1rty?<\/p><p><img class=\"wp-image-198 alignnone size-full\" src=\"http:\/\/www.winetoursmoravia.com\/wp-content\/uploads\/2020\/01\/Telefon.png\" alt=\"\" width=\"24\" height=\"24\" \/>\u00a0 Zavolejte n\u00e1m a my v\u00e1s bezpe\u010dn\u011b doprav\u00edme, kam pot\u0159ebujete\u00a0<a href=\"tel:+420722056731\"><span style=\"color: #c88761;\">+420 722 056 731<\/span><\/a>.<\/p><p>[\/et_pb_text][\/et_pb_column][\/et_pb_row][et_pb_row column_structure=\"1_2,1_2\" use_custom_gutter=\"on\" gutter_width=\"2\" make_equal=\"on\" _builder_version=\"4.2.2\" background_position=\"bottom_left\" width=\"98%\" max_width=\"1500px\" module_alignment=\"center\" custom_margin=\"-11px|0px|2px|0px|false|false\" custom_padding=\"0px|0px|1px|0px|false|false\" border_width_all=\"20px\" border_color_all=\"#ffffff\"][et_pb_column type=\"1_2\" _builder_version=\"4.2.2\" background_enable_color=\"off\" background_enable_image=\"off\" custom_padding=\"30px|30px|30px|30px|false|false\" border_color_all=\"#c88761\" border_style_all=\"double\" border_width_top=\"3px\" border_width_right=\"3px\"][et_pb_text _builder_version=\"4.2.2\" text_font=\"Quicksand|600|||||||\" text_text_color=\"#c88761\" text_font_size=\"25px\" text_line_height=\"1.5em\" custom_margin=\"||8px|||\" custom_padding=\"24px||4px|||\"]<\/p><p>Cen\u00edk<\/p><p>[\/et_pb_text][et_pb_text _builder_version=\"4.2.2\" text_font=\"Source Sans Pro|300|||||||\" text_text_color=\"#000000\" text_font_size=\"18px\" text_line_height=\"2em\" custom_margin=\"-5px||18px|||\" custom_padding=\"15px||12px|||\"]<\/p><p><img class=\"wp-image-495 alignnone size-full\" src=\"http:\/\/www.winetoursmoravia.com\/wp-content\/uploads\/2020\/02\/bleach.png\" alt=\"\" width=\"9\" height=\"9\" \/>\u00a0 Z\u00e1kladn\u00ed cena j\u00edzdn\u00e9ho: 26 K\u010d\/ km<br \/><img class=\"wp-image-495 alignnone size-full\" src=\"http:\/\/www.winetoursmoravia.com\/wp-content\/uploads\/2020\/02\/bleach.png\" alt=\"\" width=\"9\" height=\"9\" \/>\u00a0 P\u0159\u00edstavn\u00e9 - vzd\u00e1lenost ujet\u00e1 k z\u00e1kazn\u00edkovi - zpravidla vyj\u00ed\u017ed\u00edme z Mikulova: 10 K\u010d\/ km<br \/><img class=\"wp-image-495 alignnone size-full\" src=\"http:\/\/www.winetoursmoravia.com\/wp-content\/uploads\/2020\/02\/bleach.png\" alt=\"\" width=\"9\" height=\"9\" \/>\u00a0 \u010cek\u00e1n\u00ed: prvn\u00edch 15 min zdarma, pot\u00e9 3 K\u010d\/min<\/p><p><img class=\"wp-image-495 alignnone size-full\" src=\"http:\/\/www.winetoursmoravia.com\/wp-content\/uploads\/2020\/02\/bleach.png\" alt=\"\" width=\"9\" height=\"9\" \/>\u00a0 Cena zahrnuje ve\u0161ker\u00e9 poplatky<br \/><img class=\"wp-image-495 alignnone size-full\" src=\"http:\/\/www.winetoursmoravia.com\/wp-content\/uploads\/2020\/02\/bleach.png\" alt=\"\" width=\"9\" height=\"9\" \/>\u00a0 Platit lze kartou, hotov\u011b nebo na fakturu<br \/><img class=\"wp-image-495 alignnone size-full\" src=\"http:\/\/www.winetoursmoravia.com\/wp-content\/uploads\/2020\/02\/bleach.png\" alt=\"\" width=\"9\" height=\"9\" \/>\u00a0 Nejsme pl\u00e1tci DPH<br \/><img class=\"wp-image-495 alignnone size-full\" src=\"http:\/\/www.winetoursmoravia.com\/wp-content\/uploads\/2020\/02\/bleach.png\" alt=\"\" width=\"9\" height=\"9\" \/>\u00a0 Zdarma balen\u00e1 voda, pap\u00edrov\u00e9 kapesn\u00ed\u010dky, vlh\u010den\u00e9 ubrousky, tiskoviny<br \/><img class=\"wp-image-495 alignnone size-full\" src=\"http:\/\/www.winetoursmoravia.com\/wp-content\/uploads\/2020\/02\/bleach.png\" alt=\"\" width=\"9\" height=\"9\" \/>\u00a0 Bezplatn\u00e9 \u010dek\u00e1n\u00ed - poskytujeme bezplatn\u00e9 \u010dek\u00e1n\u00ed na leti\u0161ti do 60 minut a na jak\u00e9mkoliv jin\u00e9m m\u00edst\u011b do 15 minut. Pak \u00fa\u010dtujeme 3 K\u010d\/min<\/p><p>[\/et_pb_text][\/et_pb_column][et_pb_column type=\"1_2\" _builder_version=\"4.2.2\" background_enable_color=\"off\" background_enable_image=\"off\" custom_padding=\"30px|30px|30px|30px|false|false\" border_color_all=\"#c88761\" border_style_all=\"double\" border_width_top=\"3px\" border_width_left=\"3px\"][et_pb_text _builder_version=\"4.2.2\" text_font=\"Quicksand|600|||||||\" text_text_color=\"#c88761\" text_font_size=\"25px\" text_line_height=\"1.5em\" custom_margin=\"||8px|||\" custom_padding=\"24px||6px|||\"]<\/p><p>Cen\u00edk leti\u0161tn\u00edch transfer\u016f<\/p><p>[\/et_pb_text][et_pb_text _builder_version=\"4.2.2\" text_font=\"Source Sans Pro|300|||||||\" text_text_color=\"#000000\" text_font_size=\"18px\" text_line_height=\"1.6em\" header_3_font=\"Quicksand|600||on|||||\" header_3_font_size=\"14px\" header_3_line_height=\"1.7em\" custom_margin=\"-5px||5px|||\" custom_padding=\"15px||12px|||\" hover_enabled=\"0\"]<\/p><table><tbody><tr><td><h3><strong>Trasa<\/strong><\/h3><\/td><td><h3><strong>Minivan pro 6 osob<\/strong><\/h3><\/td><td><h3><strong>Mikrobus pro 8 osob<\/strong><\/h3><\/td><\/tr><tr><td>Mikulov\u00a0\u2192 Praha<\/td><td>5 000 K\u010d \/ 200 EUR<\/td><td>5 400 K\u010d \/ 220 EUR<\/td><\/tr><tr><td>Mikulov \u2192 Brno<\/td><td>1 100 K\u010d \/ 45 EUR<\/td><td>1 200 K\u010d \/ 49 EUR<\/td><\/tr><tr><td>Mikulov \u2192 V\u00edde\u0148<\/td><td>1 900 K\u010d \/ 76 EUR<\/td><td>2 000 K\u010d \/ 82 EUR<\/td><\/tr><tr><td>Mikulov \u2192 Bratislava<\/td><td>2 100 K\u010d \/ 86 EUR<\/td><td>2 300 K\u010d \/ 94 EUR<\/td><\/tr><tr><td>Brno \u2192 Praha<\/td><td>4 000 K\u010d \/ 165 EUR<\/td><td>4 400 K\u010d \/ 180 EUR<\/td><\/tr><tr><td>Brno \u2192 V\u00edde\u0148<\/td><td>2 800 K\u010d \/ 115 EUR<\/td><td>3 050 K\u010d \/ 125 EUR<\/td><\/tr><tr><td>Brno \u2192 Bratislava<\/td><td>2 700 K\u010d \/ 110 EUR<\/td><td>2 950 k\u010d \/ 120 EUR<\/td><\/tr><tr><td>Praha \u2192 V\u00edde\u0148<\/td><td>7 000 K\u010d \/ 285 EUR<\/td><td>7 600 K\u010d \/ 310 EUR<\/td><\/tr><tr><td>Praha \u2192 Bratislava<\/td><td>7 000 K\u010d \/ 285 EUR<\/td><td>7 600 K\u010d \/ 310 EUR<\/td><\/tr><\/tbody><\/table><p>[\/et_pb_text][\/et_pb_column][\/et_pb_row][\/et_pb_section]<\/p>","_et_gb_content_width":"","_monsterinsights_skip_tracking":false,"_monsterinsights_sitenote_active":false,"_monsterinsights_sitenote_note":"","_monsterinsights_sitenote_category":0,"two_page_speed":[],"footnotes":""},"class_list":["post-1739","page","type-page","status-publish","hentry"],"aioseo_notices":[],"_links":{"self":[{"href":"https:\/\/www.winetoursmoravia.com\/en\/wp-json\/wp\/v2\/pages\/1739","targetHints":{"allow":["GET"]}}],"collection":[{"href":"https:\/\/www.winetoursmoravia.com\/en\/wp-json\/wp\/v2\/pages"}],"about":[{"href":"https:\/\/www.winetoursmoravia.com\/en\/wp-json\/wp\/v2\/types\/page"}],"author":[{"embeddable":true,"href":"https:\/\/www.winetoursmoravia.com\/en\/wp-json\/wp\/v2\/users\/1"}],"replies":[{"embeddable":true,"href":"https:\/\/www.winetoursmoravia.com\/en\/wp-json\/wp\/v2\/comments?post=1739"}],"version-history":[{"count":28,"href":"https:\/\/www.winetoursmoravia.com\/en\/wp-json\/wp\/v2\/pages\/1739\/revisions"}],"predecessor-version":[{"id":6692,"href":"https:\/\/www.winetoursmoravia.com\/en\/wp-json\/wp\/v2\/pages\/1739\/revisions\/6692"}],"wp:attachment":[{"href":"https:\/\/www.winetoursmoravia.com\/en\/wp-json\/wp\/v2\/media?parent=1739"}],"curies":[{"name":"wp","href":"https:\/\/api.w.org\/{rel}","templated":true}]}}