{"id":1758,"date":"2020-03-10T09:53:22","date_gmt":"2020-03-10T09:53:22","guid":{"rendered":"http:\/\/www.winetoursmoravia.com\/?page_id=1758"},"modified":"2026-03-02T07:25:31","modified_gmt":"2026-03-02T07:25:31","slug":"wine-tasting","status":"publish","type":"page","link":"https:\/\/www.winetoursmoravia.com\/en\/wine-tasting\/","title":{"rendered":"Wine tasting"},"content":{"rendered":"<p>[et_pb_section fb_built=&#8221;1&#8243; _builder_version=&#8221;4.16&#8243; custom_margin=&#8221;||||false|false&#8221; custom_padding=&#8221;||0px||false|false&#8221; border_width_top=&#8221;1px&#8221; border_color_top=&#8221;#d8d8d8&#8243; global_colors_info=&#8221;{}&#8221;][et_pb_row column_structure=&#8221;1_2,1_2&#8243; use_custom_gutter=&#8221;on&#8221; gutter_width=&#8221;2&#8243; make_equal=&#8221;on&#8221; _builder_version=&#8221;4.16&#8243; background_position=&#8221;bottom_left&#8221; width=&#8221;96%&#8221; max_width=&#8221;1500px&#8221; module_alignment=&#8221;center&#8221; custom_margin=&#8221;|0px|2px|0px|false|false&#8221; custom_padding=&#8221;0px||1px||false|false&#8221; border_width_all=&#8221;20px&#8221; border_color_all=&#8221;#ffffff&#8221; global_colors_info=&#8221;{}&#8221;][et_pb_column type=&#8221;1_2&#8243; _builder_version=&#8221;4.16&#8243; background_color=&#8221;#f7f7f7&#8243; custom_padding=&#8221;30px|30px|30px|30px|false|false&#8221; border_color_right=&#8221;#ffffff&#8221; global_colors_info=&#8221;{}&#8221;][et_pb_text _builder_version=&#8221;4.16&#8243; text_font=&#8221;Poppins|200|||||||&#8221; text_text_color=&#8221;#494949&#8243; text_font_size=&#8221;51px&#8221; text_line_height=&#8221;1.2em&#8221; header_font=&#8221;Quicksand||||||||&#8221; header_text_color=&#8221;#c88761&#8243; header_font_size=&#8221;60px&#8221; header_line_height=&#8221;1.2em&#8221; text_orientation=&#8221;center&#8221; custom_margin=&#8221;71px||4px|||&#8221; header_font_size_tablet=&#8221;50px&#8221; header_font_size_phone=&#8221;30px&#8221; header_font_size_last_edited=&#8221;on|phone&#8221; header_text_shadow_style=&#8221;preset2&#8243; header_text_shadow_horizontal_length=&#8221;0em&#8221; header_text_shadow_vertical_length=&#8221;0em&#8221; header_text_shadow_blur_strength=&#8221;0.18em&#8221; header_text_shadow_color=&#8221;#ffffff&#8221; global_colors_info=&#8221;{}&#8221;]<\/p>\n<h1>Wine tasting<\/h1>\n<p>[\/et_pb_text][et_pb_text _builder_version=&#8221;4.16&#8243; text_font=&#8221;Source Sans Pro|300|||||||&#8221; text_text_color=&#8221;#000000&#8243; text_font_size=&#8221;16px&#8221; text_line_height=&#8221;1.5em&#8221; text_orientation=&#8221;center&#8221; custom_margin=&#8221;2px||15px||false|false&#8221; custom_padding=&#8221;5px||12px||false|false&#8221; global_colors_info=&#8221;{}&#8221;]<\/p>\n<p><a href=\"https:\/\/www.winetoursmoravia.com\/en\/\">Home<\/a>\u00a0\/ Wine tasting<\/p>\n<p>[\/et_pb_text][et_pb_divider color=&#8221;#d6d6d6&#8243; divider_weight=&#8221;1px&#8221; _builder_version=&#8221;4.16&#8243; width=&#8221;50%&#8221; module_alignment=&#8221;center&#8221; global_colors_info=&#8221;{}&#8221;][\/et_pb_divider][et_pb_text _builder_version=&#8221;4.24.2&#8243; text_font=&#8221;Source Sans Pro|300|||||||&#8221; text_text_color=&#8221;#000000&#8243; text_font_size=&#8221;20px&#8221; text_line_height=&#8221;1.5em&#8221; text_orientation=&#8221;center&#8221; custom_margin=&#8221;9px||9px|||&#8221; custom_padding=&#8221;15px||93px||false|false&#8221; global_colors_info=&#8221;{}&#8221;]<\/p>\n<p>Authentic Moravian Wine Experience<\/p>\n<p><strong>A Scenic &amp; Tasty Adventure<\/strong><\/p>\n<p>[\/et_pb_text][\/et_pb_column][et_pb_column type=&#8221;1_2&#8243; _builder_version=&#8221;4.16&#8243; background_enable_color=&#8221;off&#8221; background_image=&#8221;https:\/\/www.winetoursmoravia.com\/wp-content\/uploads\/2020\/09\/ruduv-sklepjpg.jpg&#8221; custom_padding=&#8221;30px|30px|30px|30px|false|false&#8221; border_color_right=&#8221;#ffffff&#8221; global_colors_info=&#8221;{}&#8221;][\/et_pb_column][\/et_pb_row][et_pb_row column_structure=&#8221;2_3,1_3&#8243; _builder_version=&#8221;4.16&#8243; width=&#8221;90%&#8221; max_width=&#8221;1500px&#8221; custom_padding=&#8221;||5px|||&#8221; global_colors_info=&#8221;{}&#8221;][et_pb_column type=&#8221;2_3&#8243; _builder_version=&#8221;4.16&#8243; global_colors_info=&#8221;{}&#8221;][et_pb_text _builder_version=&#8221;4.24.2&#8243; text_font=&#8221;Source Sans Pro|300|||||||&#8221; text_text_color=&#8221;#000000&#8243; text_font_size=&#8221;18px&#8221; text_line_height=&#8221;1.5em&#8221; custom_margin=&#8221;9px||9px|||&#8221; custom_padding=&#8221;15px||32px||false|false&#8221; global_colors_info=&#8221;{}&#8221;]<\/p>\n<p>Join us for an unforgettable <strong>four-hour<\/strong> journey through the heart of Moravia&#8217;s wine country, where tradition meets modern winemaking.\u00a0<\/p>\n<p><strong>Vineyard Visit &amp; Scenic Views<\/strong> &#8211; Our adventure begins at a picturesque vineyard, where we will open a bottle of Welschriesling, the region&#8217;s most beloved variety, while admiring breathtaking views of Mikulov.\u00a0<\/p>\n<p><strong>Winery visit<\/strong> &#8211; Next, we visit a modern boutique winery offering spectacular panoramas of the Palava Hills and exquisite wines to savor.\u00a0<\/p>\n<p><strong>Traditional Wine Cellar Experience<\/strong> &#8211; Our final stop takes us to a 160-year old wine cellar at winery Kosulic, where you will enjoy an exclusive wine tasting featuring a handpicked selection of local wines paired with delicious regional food.<\/p>\n<p>[\/et_pb_text][et_pb_text _builder_version=&#8221;4.16&#8243; header_2_font=&#8221;Quicksand|600||on|||||&#8221; header_2_text_color=&#8221;#c88761&#8243; header_2_font_size=&#8221;19px&#8221; header_2_line_height=&#8221;1.2em&#8221; custom_margin=&#8221;||0px||false|false&#8221; custom_padding=&#8221;||0px||false|false&#8221; global_colors_info=&#8221;{}&#8221;]<\/p>\n<h2>Highlights<\/h2>\n<p>[\/et_pb_text][et_pb_text _builder_version=&#8221;4.24.2&#8243; text_font=&#8221;Source Sans Pro|300|||||||&#8221; text_text_color=&#8221;#000000&#8243; text_font_size=&#8221;18px&#8221; text_line_height=&#8221;1.8em&#8221; custom_margin=&#8221;-1px||9px|||&#8221; custom_padding=&#8221;6px||22px||false|false&#8221; global_colors_info=&#8221;{}&#8221;]<\/p>\n<p><img loading=\"lazy\" decoding=\"async\" class=\"wp-image-495 alignnone size-full\" src=\"https:\/\/www.winetoursmoravia.com\/wp-content\/uploads\/2020\/02\/bleach.png\" alt=\"\" width=\"11\" height=\"11\" srcset=\"https:\/\/www.winetoursmoravia.com\/wp-content\/uploads\/2020\/02\/bleach.png 256w, https:\/\/www.winetoursmoravia.com\/wp-content\/uploads\/2020\/02\/bleach-150x150.png 150w\" sizes=\"(max-width: 11px) 100vw, 11px\" \/>\u00a0\u00a0Learn about the Moravian wine region, its history and its unique wines.<br \/><img loading=\"lazy\" decoding=\"async\" class=\"wp-image-495 alignnone size-full\" src=\"https:\/\/www.winetoursmoravia.com\/wp-content\/uploads\/2020\/02\/bleach.png\" alt=\"\" width=\"11\" height=\"11\" srcset=\"https:\/\/www.winetoursmoravia.com\/wp-content\/uploads\/2020\/02\/bleach.png 256w, https:\/\/www.winetoursmoravia.com\/wp-content\/uploads\/2020\/02\/bleach-150x150.png 150w\" sizes=\"(max-width: 11px) 100vw, 11px\" \/>\u00a0\u00a0Discover the art of wine-making at a 4-hour wine tasting.<br \/><img loading=\"lazy\" decoding=\"async\" class=\"wp-image-495 alignnone size-full\" src=\"https:\/\/www.winetoursmoravia.com\/wp-content\/uploads\/2020\/02\/bleach.png\" alt=\"\" width=\"11\" height=\"11\" srcset=\"https:\/\/www.winetoursmoravia.com\/wp-content\/uploads\/2020\/02\/bleach.png 256w, https:\/\/www.winetoursmoravia.com\/wp-content\/uploads\/2020\/02\/bleach-150x150.png 150w\" sizes=\"(max-width: 11px) 100vw, 11px\" \/> \u00a0Enjoy a selection of 12 local wines and delicious regional food.<br \/><img loading=\"lazy\" decoding=\"async\" class=\"wp-image-495 alignnone size-full\" src=\"https:\/\/www.winetoursmoravia.com\/wp-content\/uploads\/2020\/02\/bleach.png\" alt=\"\" width=\"11\" height=\"11\" srcset=\"https:\/\/www.winetoursmoravia.com\/wp-content\/uploads\/2020\/02\/bleach.png 256w, https:\/\/www.winetoursmoravia.com\/wp-content\/uploads\/2020\/02\/bleach-150x150.png 150w\" sizes=\"(max-width: 11px) 100vw, 11px\" \/>\u00a0 Visit two boutique wineries and a vineyard.<br \/><img loading=\"lazy\" decoding=\"async\" class=\"wp-image-495 alignnone size-full\" src=\"https:\/\/www.winetoursmoravia.com\/wp-content\/uploads\/2020\/02\/bleach.png\" alt=\"\" width=\"11\" height=\"11\" srcset=\"https:\/\/www.winetoursmoravia.com\/wp-content\/uploads\/2020\/02\/bleach.png 256w, https:\/\/www.winetoursmoravia.com\/wp-content\/uploads\/2020\/02\/bleach-150x150.png 150w\" sizes=\"(max-width: 11px) 100vw, 11px\" \/>\u00a0 Free transportation from your accommodation in Mikulov.<br \/><img loading=\"lazy\" decoding=\"async\" class=\"wp-image-495 alignnone size-full\" src=\"https:\/\/www.winetoursmoravia.com\/wp-content\/uploads\/2020\/02\/bleach.png\" alt=\"\" width=\"11\" height=\"11\" srcset=\"https:\/\/www.winetoursmoravia.com\/wp-content\/uploads\/2020\/02\/bleach.png 256w, https:\/\/www.winetoursmoravia.com\/wp-content\/uploads\/2020\/02\/bleach-150x150.png 150w\" sizes=\"(max-width: 11px) 100vw, 11px\" \/> Transportation from and back to Brno is for an additional cost of 2000 CZK\/ 80 EUR (flat fee, not per person).\u00a0<br \/><img loading=\"lazy\" decoding=\"async\" class=\"wp-image-495 alignnone size-full\" src=\"https:\/\/www.winetoursmoravia.com\/wp-content\/uploads\/2020\/02\/bleach.png\" alt=\"\" width=\"11\" height=\"11\" srcset=\"https:\/\/www.winetoursmoravia.com\/wp-content\/uploads\/2020\/02\/bleach.png 256w, https:\/\/www.winetoursmoravia.com\/wp-content\/uploads\/2020\/02\/bleach-150x150.png 150w\" sizes=\"(max-width: 11px) 100vw, 11px\" \/>\u00a0\u00a0The tasting is conducted in English.<\/p>\n<p>[\/et_pb_text][et_pb_text _builder_version=&#8221;4.16&#8243; header_2_font=&#8221;Quicksand|600||on|||||&#8221; header_2_text_color=&#8221;#c88761&#8243; header_2_font_size=&#8221;19px&#8221; header_2_line_height=&#8221;1.2em&#8221; custom_margin=&#8221;||0px||false|false&#8221; custom_padding=&#8221;||0px||false|false&#8221; global_colors_info=&#8221;{}&#8221;]<\/p>\n<h2>Price<\/h2>\n<p>[\/et_pb_text][et_pb_text _builder_version=&#8221;4.27.4&#8243; text_font=&#8221;Source Sans Pro|300|||||||&#8221; text_text_color=&#8221;#000000&#8243; text_font_size=&#8221;18px&#8221; text_line_height=&#8221;1.5em&#8221; custom_margin=&#8221;-1px||9px|||&#8221; custom_padding=&#8221;8px||22px||false|false&#8221; global_colors_info=&#8221;{}&#8221;]<\/p>\n<p><img loading=\"lazy\" decoding=\"async\" class=\"wp-image-495 alignnone size-full\" src=\"https:\/\/www.winetoursmoravia.com\/wp-content\/uploads\/2020\/02\/bleach.png\" alt=\"\" width=\"11\" height=\"11\" srcset=\"https:\/\/www.winetoursmoravia.com\/wp-content\/uploads\/2020\/02\/bleach.png 256w, https:\/\/www.winetoursmoravia.com\/wp-content\/uploads\/2020\/02\/bleach-150x150.png 150w\" sizes=\"(max-width: 11px) 100vw, 11px\" \/>\u00a0 2 people: 2500 CZK\/ 105 EUR per person<br \/><img loading=\"lazy\" decoding=\"async\" class=\"wp-image-495 alignnone size-full\" src=\"https:\/\/www.winetoursmoravia.com\/wp-content\/uploads\/2020\/02\/bleach.png\" alt=\"\" width=\"11\" height=\"11\" srcset=\"https:\/\/www.winetoursmoravia.com\/wp-content\/uploads\/2020\/02\/bleach.png 256w, https:\/\/www.winetoursmoravia.com\/wp-content\/uploads\/2020\/02\/bleach-150x150.png 150w\" sizes=\"(max-width: 11px) 100vw, 11px\" \/>\u00a0 3 people: 2000 CZK\/ 85 EUR per person<br \/><img loading=\"lazy\" decoding=\"async\" class=\"wp-image-495 alignnone size-full\" src=\"https:\/\/www.winetoursmoravia.com\/wp-content\/uploads\/2020\/02\/bleach.png\" alt=\"\" width=\"11\" height=\"11\" srcset=\"https:\/\/www.winetoursmoravia.com\/wp-content\/uploads\/2020\/02\/bleach.png 256w, https:\/\/www.winetoursmoravia.com\/wp-content\/uploads\/2020\/02\/bleach-150x150.png 150w\" sizes=\"(max-width: 11px) 100vw, 11px\" \/>\u00a0 4 people: 1800 CZK\/ 75 EUR per person<br \/><img loading=\"lazy\" decoding=\"async\" class=\"wp-image-495 alignnone size-full\" src=\"https:\/\/www.winetoursmoravia.com\/wp-content\/uploads\/2020\/02\/bleach.png\" alt=\"\" width=\"11\" height=\"11\" srcset=\"https:\/\/www.winetoursmoravia.com\/wp-content\/uploads\/2020\/02\/bleach.png 256w, https:\/\/www.winetoursmoravia.com\/wp-content\/uploads\/2020\/02\/bleach-150x150.png 150w\" sizes=\"(max-width: 11px) 100vw, 11px\" \/>\u00a0 5 &#8211; 14 people: 1500 CZK\/ 65 EUR per person<\/p>\n<p>[\/et_pb_text][et_pb_text _builder_version=&#8221;4.16&#8243; header_2_font=&#8221;Quicksand|600||on|||||&#8221; header_2_text_color=&#8221;#c88761&#8243; header_2_font_size=&#8221;19px&#8221; header_2_line_height=&#8221;1.2em&#8221; custom_margin=&#8221;||0px||false|false&#8221; custom_padding=&#8221;||0px||false|false&#8221; global_colors_info=&#8221;{}&#8221;]<\/p>\n<h2>Duration<\/h2>\n<p>[\/et_pb_text][et_pb_text _builder_version=&#8221;4.16&#8243; text_font=&#8221;Source Sans Pro|300|||||||&#8221; text_text_color=&#8221;#000000&#8243; text_font_size=&#8221;18px&#8221; text_line_height=&#8221;1.8em&#8221; custom_margin=&#8221;-1px||9px|||&#8221; custom_padding=&#8221;6px||22px||false|false&#8221; global_colors_info=&#8221;{}&#8221;]<\/p>\n<p><img loading=\"lazy\" decoding=\"async\" class=\"wp-image-495 alignnone size-full\" src=\"https:\/\/www.winetoursmoravia.com\/wp-content\/uploads\/2020\/02\/bleach.png\" alt=\"\" width=\"11\" height=\"11\" srcset=\"https:\/\/www.winetoursmoravia.com\/wp-content\/uploads\/2020\/02\/bleach.png 256w, https:\/\/www.winetoursmoravia.com\/wp-content\/uploads\/2020\/02\/bleach-150x150.png 150w\" sizes=\"(max-width: 11px) 100vw, 11px\" \/>\u00a0 4 hours<\/p>\n<p>To make a reservation please fill in the form or call\/ Whatsapp us on <span style=\"color: #c88761;\"><a style=\"color: #c88761;\" href=\"tel:+420722056731\">+420 722 056 731<\/a><\/span>.<\/p>\n<p>[\/et_pb_text][\/et_pb_column][et_pb_column type=&#8221;1_3&#8243; _builder_version=&#8221;4.16&#8243; global_colors_info=&#8221;{}&#8221;][et_pb_text module_id=&#8221;book&#8221; _builder_version=&#8221;4.16&#8243; header_2_font=&#8221;Quicksand|600||on|||||&#8221; header_2_text_color=&#8221;#c88761&#8243; header_2_font_size=&#8221;19px&#8221; header_2_line_height=&#8221;1.2em&#8221; custom_margin=&#8221;||0px||false|false&#8221; custom_padding=&#8221;||17px||false|false&#8221; global_colors_info=&#8221;{}&#8221;]<\/p>\n<h2>Booking<\/h2>\n<p>[\/et_pb_text][et_pb_contact_form use_spam_service=&#8221;on&#8221; recaptcha_list=&#8221;WTM|WTM-0&#8243; email=&#8221;info@winetoursmoravia.com&#8221; custom_message=&#8221;Na webov\u00fdch str\u00e1nk\u00e1ch winetoursmoravia.com byl vypln\u011bn rezerva\u010dn\u00ed formul\u00e1\u0159 &#8211; Wine tasting.||et_pb_line_break_holder||||et_pb_line_break_holder||\u00dadaje o klientovi||et_pb_line_break_holder||Jm\u00e9no a p\u0159\u00edjmen\u00ed: %%jmeno%%||et_pb_line_break_holder||E-mail: %%email%%||et_pb_line_break_holder||Telefon: %%telefon%%||et_pb_line_break_holder||Po\u010det osob: %%osoby%%||et_pb_line_break_holder||Datum: %%datum%%||et_pb_line_break_holder||Zpr\u00e1va: %%zprava%%&#8221; success_message=&#8221;We appreciate you contacting us. We will get back in touch with you soon!&#8221; submit_button_text=&#8221;Send&#8221; _builder_version=&#8221;4.16&#8243; _unique_id=&#8221;8e0e62d7-9234-4e64-8bf5-ea673e831f89&#8243; form_field_background_color=&#8221;#f7f7f7&#8243; form_field_text_color=&#8221;#000000&#8243; form_field_focus_background_color=&#8221;#ffffff&#8221; form_field_focus_text_color=&#8221;#000000&#8243; form_field_font=&#8221;Quicksand||||||||&#8221; form_field_font_size=&#8221;17px&#8221; custom_button=&#8221;on&#8221; button_text_color=&#8221;#c88761&#8243; button_bg_color=&#8221;#ffffff&#8221; button_border_width=&#8221;2px&#8221; button_border_radius=&#8221;0px&#8221; button_font=&#8221;Quicksand||||||||&#8221; button_on_hover=&#8221;off&#8221; global_colors_info=&#8221;{}&#8221;][et_pb_contact_field field_id=&#8221;jmeno&#8221; field_title=&#8221;Your First &#038; Last Name:&#8221; fullwidth_field=&#8221;on&#8221; _builder_version=&#8221;4.16&#8243; global_colors_info=&#8221;{}&#8221; button_text_size__hover_enabled=&#8221;off&#8221; button_one_text_size__hover_enabled=&#8221;off&#8221; button_two_text_size__hover_enabled=&#8221;off&#8221; button_text_color__hover_enabled=&#8221;off&#8221; button_one_text_color__hover_enabled=&#8221;off&#8221; button_two_text_color__hover_enabled=&#8221;off&#8221; button_border_width__hover_enabled=&#8221;off&#8221; button_one_border_width__hover_enabled=&#8221;off&#8221; button_two_border_width__hover_enabled=&#8221;off&#8221; button_border_color__hover_enabled=&#8221;off&#8221; button_one_border_color__hover_enabled=&#8221;off&#8221; button_two_border_color__hover_enabled=&#8221;off&#8221; button_border_radius__hover_enabled=&#8221;off&#8221; button_one_border_radius__hover_enabled=&#8221;off&#8221; button_two_border_radius__hover_enabled=&#8221;off&#8221; button_letter_spacing__hover_enabled=&#8221;off&#8221; button_one_letter_spacing__hover_enabled=&#8221;off&#8221; button_two_letter_spacing__hover_enabled=&#8221;off&#8221; button_bg_color__hover_enabled=&#8221;off&#8221; button_one_bg_color__hover_enabled=&#8221;off&#8221; button_two_bg_color__hover_enabled=&#8221;off&#8221;][\/et_pb_contact_field][et_pb_contact_field field_id=&#8221;email&#8221; field_title=&#8221;Your Email:&#8221; field_type=&#8221;email&#8221; fullwidth_field=&#8221;on&#8221; _builder_version=&#8221;4.16&#8243; global_colors_info=&#8221;{}&#8221; button_text_size__hover_enabled=&#8221;off&#8221; button_one_text_size__hover_enabled=&#8221;off&#8221; button_two_text_size__hover_enabled=&#8221;off&#8221; button_text_color__hover_enabled=&#8221;off&#8221; button_one_text_color__hover_enabled=&#8221;off&#8221; button_two_text_color__hover_enabled=&#8221;off&#8221; button_border_width__hover_enabled=&#8221;off&#8221; button_one_border_width__hover_enabled=&#8221;off&#8221; button_two_border_width__hover_enabled=&#8221;off&#8221; button_border_color__hover_enabled=&#8221;off&#8221; button_one_border_color__hover_enabled=&#8221;off&#8221; button_two_border_color__hover_enabled=&#8221;off&#8221; button_border_radius__hover_enabled=&#8221;off&#8221; button_one_border_radius__hover_enabled=&#8221;off&#8221; button_two_border_radius__hover_enabled=&#8221;off&#8221; button_letter_spacing__hover_enabled=&#8221;off&#8221; button_one_letter_spacing__hover_enabled=&#8221;off&#8221; button_two_letter_spacing__hover_enabled=&#8221;off&#8221; button_bg_color__hover_enabled=&#8221;off&#8221; button_one_bg_color__hover_enabled=&#8221;off&#8221; button_two_bg_color__hover_enabled=&#8221;off&#8221;][\/et_pb_contact_field][et_pb_contact_field field_id=&#8221;telefon&#8221; field_title=&#8221;Your Phone Number:&#8221; fullwidth_field=&#8221;on&#8221; _builder_version=&#8221;4.16&#8243; global_colors_info=&#8221;{}&#8221;][\/et_pb_contact_field][et_pb_contact_field field_id=&#8221;datum&#8221; field_title=&#8221;Required date of wine tasting:&#8221; fullwidth_field=&#8221;on&#8221; _builder_version=&#8221;4.16&#8243; global_colors_info=&#8221;{}&#8221;][\/et_pb_contact_field][et_pb_contact_field field_id=&#8221;osoby&#8221; field_title=&#8221;Number of People:&#8221; allowed_symbols=&#8221;numbers&#8221; fullwidth_field=&#8221;on&#8221; _builder_version=&#8221;4.16&#8243; global_colors_info=&#8221;{}&#8221;][\/et_pb_contact_field][et_pb_contact_field field_id=&#8221;zprava&#8221; field_title=&#8221;Additional notes:&#8221; field_type=&#8221;text&#8221; fullwidth_field=&#8221;on&#8221; _builder_version=&#8221;4.16&#8243; global_colors_info=&#8221;{}&#8221; button_text_size__hover_enabled=&#8221;off&#8221; button_one_text_size__hover_enabled=&#8221;off&#8221; button_two_text_size__hover_enabled=&#8221;off&#8221; button_text_color__hover_enabled=&#8221;off&#8221; button_one_text_color__hover_enabled=&#8221;off&#8221; button_two_text_color__hover_enabled=&#8221;off&#8221; button_border_width__hover_enabled=&#8221;off&#8221; button_one_border_width__hover_enabled=&#8221;off&#8221; button_two_border_width__hover_enabled=&#8221;off&#8221; button_border_color__hover_enabled=&#8221;off&#8221; button_one_border_color__hover_enabled=&#8221;off&#8221; button_two_border_color__hover_enabled=&#8221;off&#8221; button_border_radius__hover_enabled=&#8221;off&#8221; button_one_border_radius__hover_enabled=&#8221;off&#8221; button_two_border_radius__hover_enabled=&#8221;off&#8221; button_letter_spacing__hover_enabled=&#8221;off&#8221; button_one_letter_spacing__hover_enabled=&#8221;off&#8221; button_two_letter_spacing__hover_enabled=&#8221;off&#8221; button_bg_color__hover_enabled=&#8221;off&#8221; button_one_bg_color__hover_enabled=&#8221;off&#8221; button_two_bg_color__hover_enabled=&#8221;off&#8221;][\/et_pb_contact_field][\/et_pb_contact_form][et_pb_text _builder_version=&#8221;4.16&#8243; text_font=&#8221;Source Sans Pro|300|||||||&#8221; text_text_color=&#8221;#000000&#8243; text_font_size=&#8221;16px&#8221; text_line_height=&#8221;1.5em&#8221; custom_margin=&#8221;9px||9px|||&#8221; custom_padding=&#8221;15px||28px||false|false&#8221; global_colors_info=&#8221;{}&#8221;]<\/p>\n<p>By submitting the form you agree to the <span style=\"text-decoration: underline;\"><a href=\"https:\/\/www.winetoursmoravia.com\/en\/terms-and-conditions\/\" target=\"_blank\" rel=\"noopener noreferrer\">general terms and conditions<\/a><\/span> and <span style=\"text-decoration: underline;\"><a href=\"https:\/\/www.winetoursmoravia.com\/en\/gdpr\/\" target=\"_blank\" rel=\"noopener noreferrer\">privacy policy<\/a><\/span>.<\/p>\n<p>[\/et_pb_text][et_pb_button button_url=&#8221;https:\/\/www.winetoursmoravia.com\/en\/gift-vouchers\/#voucher&#8221; button_text=&#8221;NEED A GIFT VOUCHER INSTEAD?&#8221; button_alignment=&#8221;right&#8221; _builder_version=&#8221;4.16&#8243; custom_button=&#8221;on&#8221; button_text_size=&#8221;16px&#8221; button_text_color=&#8221;#ffffff&#8221; button_bg_color=&#8221;#c88761&#8243; button_border_width=&#8221;10px&#8221; button_border_color=&#8221;#c88761&#8243; button_border_radius=&#8221;0px&#8221; button_font=&#8221;Quicksand|600||on|||||&#8221; button_icon=&#8221;&#xe008;||divi||400&#8243; button_icon_color=&#8221;#ffffff&#8221; button_icon_placement=&#8221;left&#8221; button_on_hover=&#8221;off&#8221; transform_translate_linked=&#8221;off&#8221; custom_margin=&#8221;41px||12px|||&#8221; global_colors_info=&#8221;{}&#8221; button_bg_color__hover_enabled=&#8221;off|desktop&#8221; button_bg_color__hover=&#8221;#c66831&#8243; button_bg_enable_color__hover=&#8221;on&#8221; button_border_width__hover_enabled=&#8221;off|desktop&#8221; button_border_color__hover_enabled=&#8221;off|desktop&#8221; button_border_color__hover=&#8221;#c66831&#8243; transform_styles__hover_enabled=&#8221;on|hover&#8221; transform_scale__hover_enabled=&#8221;on|desktop&#8221; transform_translate__hover_enabled=&#8221;on|hover&#8221; transform_rotate__hover_enabled=&#8221;on|desktop&#8221; transform_skew__hover_enabled=&#8221;on|desktop&#8221; transform_origin__hover_enabled=&#8221;on|desktop&#8221; transform_translate__hover=&#8221;0px|-3px&#8221;][\/et_pb_button][\/et_pb_column][\/et_pb_row][et_pb_row _builder_version=&#8221;4.27.4&#8243; _module_preset=&#8221;default&#8221; width=&#8221;90%&#8221; max_width=&#8221;1500px&#8221; global_colors_info=&#8221;{}&#8221;][et_pb_column type=&#8221;4_4&#8243; _builder_version=&#8221;4.27.4&#8243; _module_preset=&#8221;default&#8221; global_colors_info=&#8221;{}&#8221;][dmg_masonry_gallery gallery=&#8221;7751,7754,7757,7760,7763,7766,7769,7772,7775,7778,7781,7784,7787,7790,7793,7796,7799,7802,7805,7808,7811,7814,7817,7820,7823&#8243; columns=&#8221;4&#8243; zoom_hover=&#8221;on&#8221; columns_tablet=&#8221;2&#8243; columns_phone=&#8221;1&#8243; columns_last_edited=&#8221;on|phone&#8221; _builder_version=&#8221;4.27.4&#8243; _module_preset=&#8221;default&#8221; global_colors_info=&#8221;{}&#8221;][\/dmg_masonry_gallery][\/et_pb_column][\/et_pb_row][\/et_pb_section]<\/p>\n","protected":false},"excerpt":{"rendered":"<p>Wine tastingHome\u00a0\/ Wine tastingAuthentic Moravian Wine Experience A Scenic &amp; Tasty AdventureJoin us for an unforgettable four-hour journey through the heart of Moravia&#8217;s wine country, where tradition meets modern winemaking.\u00a0 Vineyard Visit &amp; Scenic Views &#8211; Our adventure begins at a picturesque vineyard, where we will open a bottle of Welschriesling, the region&#8217;s most beloved [&hellip;]<\/p>\n","protected":false},"author":1,"featured_media":0,"parent":0,"menu_order":0,"comment_status":"closed","ping_status":"closed","template":"","meta":{"_et_pb_use_builder":"on","_et_pb_old_content":"","_et_gb_content_width":"","_monsterinsights_skip_tracking":false,"_monsterinsights_sitenote_active":false,"_monsterinsights_sitenote_note":"","_monsterinsights_sitenote_category":0,"two_page_speed":[],"footnotes":""},"class_list":["post-1758","page","type-page","status-publish","hentry"],"aioseo_notices":[],"_links":{"self":[{"href":"https:\/\/www.winetoursmoravia.com\/en\/wp-json\/wp\/v2\/pages\/1758","targetHints":{"allow":["GET"]}}],"collection":[{"href":"https:\/\/www.winetoursmoravia.com\/en\/wp-json\/wp\/v2\/pages"}],"about":[{"href":"https:\/\/www.winetoursmoravia.com\/en\/wp-json\/wp\/v2\/types\/page"}],"author":[{"embeddable":true,"href":"https:\/\/www.winetoursmoravia.com\/en\/wp-json\/wp\/v2\/users\/1"}],"replies":[{"embeddable":true,"href":"https:\/\/www.winetoursmoravia.com\/en\/wp-json\/wp\/v2\/comments?post=1758"}],"version-history":[{"count":88,"href":"https:\/\/www.winetoursmoravia.com\/en\/wp-json\/wp\/v2\/pages\/1758\/revisions"}],"predecessor-version":[{"id":8652,"href":"https:\/\/www.winetoursmoravia.com\/en\/wp-json\/wp\/v2\/pages\/1758\/revisions\/8652"}],"wp:attachment":[{"href":"https:\/\/www.winetoursmoravia.com\/en\/wp-json\/wp\/v2\/media?parent=1758"}],"curies":[{"name":"wp","href":"https:\/\/api.w.org\/{rel}","templated":true}]}}