{"id":1823,"date":"2020-03-12T20:22:34","date_gmt":"2020-03-12T20:22:34","guid":{"rendered":"http:\/\/www.winetoursmoravia.com\/?page_id=1823"},"modified":"2026-02-25T07:34:31","modified_gmt":"2026-02-25T07:34:31","slug":"about-moravia","status":"publish","type":"page","link":"https:\/\/www.winetoursmoravia.com\/en\/about-moravia\/","title":{"rendered":"About Moravia"},"content":{"rendered":"<p>[et_pb_section fb_built=&#8221;1&#8243; _builder_version=&#8221;4.16&#8243; custom_margin=&#8221;||||false|false&#8221; custom_padding=&#8221;||0px||false|false&#8221; border_width_top=&#8221;1px&#8221; border_color_top=&#8221;#d8d8d8&#8243; global_colors_info=&#8221;{}&#8221;][et_pb_row column_structure=&#8221;1_2,1_2&#8243; use_custom_gutter=&#8221;on&#8221; gutter_width=&#8221;2&#8243; make_equal=&#8221;on&#8221; _builder_version=&#8221;4.16&#8243; background_position=&#8221;bottom_left&#8221; width=&#8221;96%&#8221; max_width=&#8221;1500px&#8221; module_alignment=&#8221;center&#8221; custom_margin=&#8221;|0px|2px|0px|false|false&#8221; custom_padding=&#8221;0px||1px||false|false&#8221; border_width_all=&#8221;20px&#8221; border_color_all=&#8221;#ffffff&#8221; global_colors_info=&#8221;{}&#8221;][et_pb_column type=&#8221;1_2&#8243; _builder_version=&#8221;4.16&#8243; background_color=&#8221;#f7f7f7&#8243; custom_padding=&#8221;30px|30px|30px|30px|false|false&#8221; border_color_right=&#8221;#ffffff&#8221; global_colors_info=&#8221;{}&#8221;][et_pb_text _builder_version=&#8221;4.16&#8243; text_font=&#8221;Poppins|200|||||||&#8221; text_text_color=&#8221;#494949&#8243; text_font_size=&#8221;51px&#8221; text_line_height=&#8221;1.2em&#8221; header_font=&#8221;Quicksand||||||||&#8221; header_text_color=&#8221;#c88761&#8243; header_font_size=&#8221;60px&#8221; header_line_height=&#8221;1.2em&#8221; text_orientation=&#8221;center&#8221; custom_margin=&#8221;71px||4px|||&#8221; header_font_size_tablet=&#8221;50px&#8221; header_font_size_phone=&#8221;30px&#8221; header_font_size_last_edited=&#8221;on|phone&#8221; header_text_shadow_style=&#8221;preset2&#8243; header_text_shadow_horizontal_length=&#8221;0em&#8221; header_text_shadow_vertical_length=&#8221;0em&#8221; header_text_shadow_blur_strength=&#8221;0.18em&#8221; header_text_shadow_color=&#8221;#ffffff&#8221; global_colors_info=&#8221;{}&#8221;]<\/p>\n<h1>About Moravia<\/h1>\n<p>[\/et_pb_text][et_pb_text _builder_version=&#8221;4.16&#8243; text_font=&#8221;Source Sans Pro|300|||||||&#8221; text_text_color=&#8221;#000000&#8243; text_font_size=&#8221;16px&#8221; text_line_height=&#8221;1.5em&#8221; text_orientation=&#8221;center&#8221; custom_margin=&#8221;2px||15px||false|false&#8221; custom_padding=&#8221;5px||12px||false|false&#8221; global_colors_info=&#8221;{}&#8221;]<a href=\"https:\/\/www.winetoursmoravia.com\/en\/\">Home<\/a>\u00a0\/ About Moravia[\/et_pb_text][et_pb_divider color=&#8221;#d6d6d6&#8243; divider_weight=&#8221;1px&#8221; _builder_version=&#8221;4.16&#8243; width=&#8221;50%&#8221; module_alignment=&#8221;center&#8221; global_colors_info=&#8221;{}&#8221;][\/et_pb_divider][et_pb_text _builder_version=&#8221;4.16&#8243; text_font=&#8221;Source Sans Pro|300|||||||&#8221; text_text_color=&#8221;#000000&#8243; text_font_size=&#8221;20px&#8221; text_line_height=&#8221;1.5em&#8221; text_orientation=&#8221;center&#8221; custom_margin=&#8221;9px||9px|||&#8221; custom_padding=&#8221;15px||93px||false|false&#8221; global_colors_info=&#8221;{}&#8221;]Nestled between Germany, Austria, Poland and Slovakia, South Moravia is the most important wine region in the Czech Republic[\/et_pb_text][\/et_pb_column][et_pb_column type=&#8221;1_2&#8243; _builder_version=&#8221;4.16&#8243; background_enable_color=&#8221;off&#8221; background_image=&#8221;https:\/\/www.winetoursmoravia.com\/wp-content\/uploads\/2020\/03\/\u00favodn\u00ed-1.jpg&#8221; custom_padding=&#8221;30px|30px|30px|30px|false|false&#8221; border_color_right=&#8221;#ffffff&#8221; global_colors_info=&#8221;{}&#8221;][\/et_pb_column][\/et_pb_row][et_pb_row column_structure=&#8221;1_2,1_2&#8243; _builder_version=&#8221;4.16&#8243; width=&#8221;90%&#8221; max_width=&#8221;1500px&#8221; global_colors_info=&#8221;{}&#8221; custom_padding=&#8221;||6px|||&#8221;][et_pb_column type=&#8221;1_2&#8243; _builder_version=&#8221;4.16&#8243; global_colors_info=&#8221;{}&#8221;][et_pb_text _builder_version=&#8221;4.16&#8243; text_font=&#8221;Source Sans Pro|300|||||||&#8221; text_text_color=&#8221;#000000&#8243; text_font_size=&#8221;18px&#8221; text_line_height=&#8221;1.5em&#8221; custom_margin=&#8221;9px||9px|||&#8221; custom_padding=&#8221;15px||32px||false|false&#8221; global_colors_info=&#8221;{}&#8221;]<\/p>\n<p>Mikulov is at the centre of the Moravian wine country and is located 3 hours from Prague and 1 hour from Vienna by car. It&#8217;s a charming historical town surrounded by the white chalky P\u00e1lava Hills and adorned with a stunning hilltop Renaissance chateau.<\/p>\n<p>The Moravian wine region is spread over 17 thousands hectares and is responsible for 96% of the wines produced in the Czech Republic. Its warm, dry climate is perfect for producing outstanding white wines with an interesting range of aromas and fresh acids. The lime rich soil is responsible for minerality typical in wines.<\/p>\n<p>White wine varieties make up about 80% of the region&#8217;s vineyards. The most common varieties are Gr\u00fcner Veltliner, M\u00fcller Thurgau, Welschriesling and Riesling. Blaufr\u00e4nkisch and Saint Laurent represent blue varieties.<\/p>\n<p>The region is located at around the 49th parallel, the same as the wine-growing region of Champagne or the best wine-growing regions of Germany.<\/p>\n<p>Wine growing in this region has been reliably traced back to the ancient Romans, who started growing wine here in 2nd century AD.<\/p>\n<p>Moravia is an international treasure and is the best preserved region of the Czech Republic. It&#8217;s a land renowned for the heartiness and hospitality of its people, excellent Moravian cuisine and an abundance of folklore traditions. Come and see for yourself!<\/p>\n<p>[\/et_pb_text][\/et_pb_column][et_pb_column type=&#8221;1_2&#8243; _builder_version=&#8221;4.16&#8243; global_colors_info=&#8221;{}&#8221;][et_pb_image src=&#8221;https:\/\/www.winetoursmoravia.com\/wp-content\/uploads\/2020\/03\/Map-About-Us.jpg&#8221; url=&#8221;https:\/\/goo.gl\/maps\/ZPWSRo1K19Zcqmpx9&#8243; url_new_window=&#8221;on&#8221; _builder_version=&#8221;4.16&#8243; global_colors_info=&#8221;{}&#8221; transform_styles__hover_enabled=&#8221;on|hover&#8221; transform_scale__hover_enabled=&#8221;on|hover&#8221; transform_translate__hover_enabled=&#8221;on|desktop&#8221; transform_rotate__hover_enabled=&#8221;on|desktop&#8221; transform_skew__hover_enabled=&#8221;on|desktop&#8221; transform_origin__hover_enabled=&#8221;on|desktop&#8221; transform_scale__hover=&#8221;102%|102%&#8221;][\/et_pb_image][\/et_pb_column][\/et_pb_row][et_pb_row _builder_version=&#8221;4.27.4&#8243; _module_preset=&#8221;default&#8221; width=&#8221;90%&#8221; max_width=&#8221;90%&#8221; global_colors_info=&#8221;{}&#8221; theme_builder_area=&#8221;post_content&#8221;][et_pb_column type=&#8221;4_4&#8243; _builder_version=&#8221;4.27.4&#8243; _module_preset=&#8221;default&#8221; global_colors_info=&#8221;{}&#8221; theme_builder_area=&#8221;post_content&#8221;][dmg_masonry_gallery columns=&#8221;4&#8243; zoom_hover=&#8221;on&#8221; columns_tablet=&#8221;2&#8243; columns_phone=&#8221;1&#8243; columns_last_edited=&#8221;on|phone&#8221; _builder_version=&#8221;4.27.4&#8243; _module_preset=&#8221;default&#8221; hover_enabled=&#8221;0&#8243; global_colors_info=&#8221;{}&#8221; theme_builder_area=&#8221;post_content&#8221; gallery=&#8221;8034,8037,8040,8049,8052,8055,8058,8061,8064,8067,8070&#8243; sticky_enabled=&#8221;0&#8243;][\/dmg_masonry_gallery][\/et_pb_column][\/et_pb_row][\/et_pb_section]<\/p>\n","protected":false},"excerpt":{"rendered":"<p>About MoraviaHome\u00a0\/ About MoraviaNestled between Germany, Austria, Poland and Slovakia, South Moravia is the most important wine region in the Czech RepublicMikulov is at the centre of the Moravian wine country and is located 3 hours from Prague and 1 hour from Vienna by car. It&#8217;s a charming historical town surrounded by the white chalky [&hellip;]<\/p>\n","protected":false},"author":1,"featured_media":0,"parent":0,"menu_order":0,"comment_status":"closed","ping_status":"closed","template":"","meta":{"_et_pb_use_builder":"on","_et_pb_old_content":"","_et_gb_content_width":"","_monsterinsights_skip_tracking":false,"_monsterinsights_sitenote_active":false,"_monsterinsights_sitenote_note":"","_monsterinsights_sitenote_category":0,"two_page_speed":[],"footnotes":""},"class_list":["post-1823","page","type-page","status-publish","hentry"],"aioseo_notices":[],"_links":{"self":[{"href":"https:\/\/www.winetoursmoravia.com\/en\/wp-json\/wp\/v2\/pages\/1823","targetHints":{"allow":["GET"]}}],"collection":[{"href":"https:\/\/www.winetoursmoravia.com\/en\/wp-json\/wp\/v2\/pages"}],"about":[{"href":"https:\/\/www.winetoursmoravia.com\/en\/wp-json\/wp\/v2\/types\/page"}],"author":[{"embeddable":true,"href":"https:\/\/www.winetoursmoravia.com\/en\/wp-json\/wp\/v2\/users\/1"}],"replies":[{"embeddable":true,"href":"https:\/\/www.winetoursmoravia.com\/en\/wp-json\/wp\/v2\/comments?post=1823"}],"version-history":[{"count":15,"href":"https:\/\/www.winetoursmoravia.com\/en\/wp-json\/wp\/v2\/pages\/1823\/revisions"}],"predecessor-version":[{"id":8074,"href":"https:\/\/www.winetoursmoravia.com\/en\/wp-json\/wp\/v2\/pages\/1823\/revisions\/8074"}],"wp:attachment":[{"href":"https:\/\/www.winetoursmoravia.com\/en\/wp-json\/wp\/v2\/media?parent=1823"}],"curies":[{"name":"wp","href":"https:\/\/api.w.org\/{rel}","templated":true}]}}