{"id":1855,"date":"2020-03-12T20:25:04","date_gmt":"2020-03-12T20:25:04","guid":{"rendered":"http:\/\/www.winetoursmoravia.com\/?page_id=1855"},"modified":"2025-10-15T13:53:43","modified_gmt":"2025-10-15T13:53:43","slug":"contact","status":"publish","type":"page","link":"https:\/\/www.winetoursmoravia.com\/en\/contact\/","title":{"rendered":"Contacts"},"content":{"rendered":"<p>[et_pb_section fb_built=&#8221;1&#8243; _builder_version=&#8221;4.2.2&#8243; custom_margin=&#8221;||||false|false&#8221; custom_padding=&#8221;||0px||false|false&#8221; border_width_top=&#8221;1px&#8221; border_color_top=&#8221;#d8d8d8&#8243;][et_pb_row column_structure=&#8221;1_2,1_2&#8243; use_custom_gutter=&#8221;on&#8221; gutter_width=&#8221;2&#8243; make_equal=&#8221;on&#8221; _builder_version=&#8221;4.2.2&#8243; background_position=&#8221;bottom_left&#8221; width=&#8221;96%&#8221; max_width=&#8221;1500px&#8221; module_alignment=&#8221;center&#8221; custom_margin=&#8221;|0px|2px|0px|false|false&#8221; custom_padding=&#8221;0px||1px||false|false&#8221; border_width_all=&#8221;20px&#8221; border_color_all=&#8221;#ffffff&#8221;][et_pb_column type=&#8221;1_2&#8243; _builder_version=&#8221;4.2.2&#8243; background_color=&#8221;#f7f7f7&#8243; custom_padding=&#8221;30px|30px|30px|30px|false|false&#8221; border_color_right=&#8221;#ffffff&#8221;][et_pb_text _builder_version=&#8221;4.4.1&#8243; text_font=&#8221;Poppins|200|||||||&#8221; text_text_color=&#8221;#494949&#8243; text_font_size=&#8221;51px&#8221; text_line_height=&#8221;1.2em&#8221; header_font=&#8221;Quicksand||||||||&#8221; header_text_color=&#8221;#c88761&#8243; header_font_size=&#8221;60px&#8221; header_line_height=&#8221;1.2em&#8221; text_orientation=&#8221;center&#8221; custom_margin=&#8221;71px||4px|||&#8221; header_font_size_tablet=&#8221;50px&#8221; header_font_size_phone=&#8221;30px&#8221; header_font_size_last_edited=&#8221;on|phone&#8221; header_text_shadow_style=&#8221;preset2&#8243; header_text_shadow_horizontal_length=&#8221;0em&#8221; header_text_shadow_vertical_length=&#8221;0em&#8221; header_text_shadow_blur_strength=&#8221;0.18em&#8221; header_text_shadow_color=&#8221;#ffffff&#8221;]<\/p>\n<h1>Contact<\/h1>\n<p>[\/et_pb_text][et_pb_text _builder_version=&#8221;4.4.1&#8243; text_font=&#8221;Source Sans Pro|300|||||||&#8221; text_text_color=&#8221;#000000&#8243; text_font_size=&#8221;16px&#8221; text_line_height=&#8221;1.5em&#8221; text_orientation=&#8221;center&#8221; custom_margin=&#8221;2px||15px||false|false&#8221; custom_padding=&#8221;5px||12px||false|false&#8221;]<\/p>\n<p><a href=\"http:\/\/www.winetoursmoravia.com\/en\/\">Home<\/a> \/ Contact<\/p>\n<p>[\/et_pb_text][et_pb_divider color=&#8221;#d6d6d6&#8243; divider_weight=&#8221;1px&#8221; _builder_version=&#8221;4.2.2&#8243; width=&#8221;50%&#8221; module_alignment=&#8221;center&#8221;][\/et_pb_divider][et_pb_text _builder_version=&#8221;4.4.1&#8243; text_font=&#8221;Source Sans Pro|300|||||||&#8221; text_text_color=&#8221;#000000&#8243; text_font_size=&#8221;20px&#8221; text_line_height=&#8221;1.5em&#8221; text_orientation=&#8221;center&#8221; custom_margin=&#8221;9px||9px|||&#8221; custom_padding=&#8221;15px||185px||false|false&#8221;]<\/p>\n<p>Don&#8217;t hesitate to contact us. We are here for you!<\/p>\n<p>[\/et_pb_text][\/et_pb_column][et_pb_column type=&#8221;1_2&#8243; _builder_version=&#8221;4.2.2&#8243; background_enable_color=&#8221;off&#8221; background_image=&#8221;http:\/\/www.winetoursmoravia.com\/wp-content\/uploads\/2020\/02\/spole\u010dn\u00e1.jpg&#8221; custom_padding=&#8221;30px|30px|30px|30px|false|false&#8221; border_color_right=&#8221;#ffffff&#8221;][\/et_pb_column][\/et_pb_row][et_pb_row column_structure=&#8221;2_3,1_3&#8243; _builder_version=&#8221;4.2.2&#8243; width=&#8221;90%&#8221; max_width=&#8221;1500px&#8221;][et_pb_column type=&#8221;2_3&#8243; _builder_version=&#8221;4.2.2&#8243;][et_pb_text _builder_version=&#8221;4.4.1&#8243; header_2_font=&#8221;Quicksand|600||on|||||&#8221; header_2_text_color=&#8221;#c88761&#8243; header_2_font_size=&#8221;19px&#8221; header_2_line_height=&#8221;1.2em&#8221; custom_margin=&#8221;||0px||false|false&#8221; custom_padding=&#8221;||0px||false|false&#8221;]<\/p>\n<h2>Wine Tours Moravia<\/h2>\n<p>[\/et_pb_text][et_pb_text _builder_version=&#8221;4.4.8&#8243; text_font=&#8221;Source Sans Pro|300|||||||&#8221; text_text_color=&#8221;#000000&#8243; text_font_size=&#8221;18px&#8221; text_line_height=&#8221;1.5em&#8221; custom_margin=&#8221;9px||9px|||&#8221; custom_padding=&#8221;15px||32px||false|false&#8221;]<\/p>\n<p><strong>Tel.\/ Whatsapp:<\/strong><br \/>Anna: <a href=\"tel:+420722056731\">+420 722 056 731<\/a><br \/>Maxim: <a href=\"tel:+420773206661\">+420 773 206 661<\/a><\/p>\n<p><strong>E-mail:<\/strong><br \/><a href=\"mailto:info@winetoursmoravia.com\">info@winetoursmoravia.com<\/a><\/p>\n<p><strong>Adress:<\/strong><br \/>Purky\u0148ova 1805\/ 1b<br \/>692 01 Mikulov<\/p>\n<p><strong>Bank account number: <\/strong>86-2823080207\/0100<strong><br \/>IBAN: <\/strong>CZ2501000000862823080207<strong><br \/>BIC\/ SWIFT: <\/strong>KOMBCZPPXXX<\/p>\n<p><strong><\/strong><\/p>\n<p><b>Get social with us:\u00a0<\/b><\/p>\n<p><a href=\"https:\/\/www.facebook.com\/winetoursmoravia\/\" target=\"_blank\" rel=\"noopener noreferrer\"><img loading=\"lazy\" decoding=\"async\" class=\"wp-image-349 alignnone size-full\" style=\"font-size: 18px;\" src=\"http:\/\/www.winetoursmoravia.com\/wp-content\/uploads\/2020\/01\/FB1.png\" alt=\"\" width=\"50\" height=\"50\" srcset=\"https:\/\/www.winetoursmoravia.com\/wp-content\/uploads\/2020\/01\/FB1.png 250w, https:\/\/www.winetoursmoravia.com\/wp-content\/uploads\/2020\/01\/FB1-150x150.png 150w\" sizes=\"(max-width: 50px) 100vw, 50px\" \/><\/a><span style=\"font-size: 18px;\">\u00a0 \u00a0 \u00a0<\/span><a href=\"https:\/\/www.instagram.com\/winetoursmoravia\/\" target=\"_blank\" rel=\"noopener noreferrer\"><img loading=\"lazy\" decoding=\"async\" class=\"wp-image-1436 alignnone size-full\" style=\"font-size: 18px;\" src=\"http:\/\/www.winetoursmoravia.com\/wp-content\/uploads\/2020\/03\/Instagram.png\" alt=\"\" width=\"50\" height=\"50\" \/><\/a><span style=\"font-size: 18px;\">\u00a0 \u00a0 \u00a0<\/span><a href=\"https:\/\/www.tripadvisor.cz\/Attraction_Review-g277813-d20350280-Reviews-Wine_Tours_Moravia-Mikulov_South_Moravian_Region_Moravia.html\" target=\"_blank\" rel=\"noopener noreferrer\"><img loading=\"lazy\" decoding=\"async\" class=\"wp-image-350 alignnone size-full\" style=\"font-size: 18px;\" src=\"http:\/\/www.winetoursmoravia.com\/wp-content\/uploads\/2020\/01\/TA.png\" alt=\"\" width=\"50\" height=\"50\" srcset=\"https:\/\/www.winetoursmoravia.com\/wp-content\/uploads\/2020\/01\/TA.png 250w, https:\/\/www.winetoursmoravia.com\/wp-content\/uploads\/2020\/01\/TA-150x150.png 150w\" sizes=\"(max-width: 50px) 100vw, 50px\" \/><\/a><\/p>\n<p>[\/et_pb_text][\/et_pb_column][et_pb_column type=&#8221;1_3&#8243; _builder_version=&#8221;4.2.2&#8243;][et_pb_text _builder_version=&#8221;4.4.1&#8243; header_2_font=&#8221;Quicksand|600||on|||||&#8221; header_2_text_color=&#8221;#c88761&#8243; header_2_font_size=&#8221;19px&#8221; header_2_line_height=&#8221;1.2em&#8221; custom_margin=&#8221;||0px||false|false&#8221; custom_padding=&#8221;||17px||false|false&#8221;]<\/p>\n<h2>Contact us<\/h2>\n<p>[\/et_pb_text][et_pb_contact_form use_spam_service=&#8221;on&#8221; recaptcha_list=&#8221;WTM|WTM-0&#8243; email=&#8221;info@winetoursmoravia.com&#8221; custom_message=&#8221;Na webov\u00fdch str\u00e1nk\u00e1ch winetoursmoravia.com byl vypln\u011bn kontaktn\u00ed formul\u00e1\u0159 &#8211; Contacts.||et_pb_line_break_holder||||et_pb_line_break_holder||\u00dadaje o klientovi||et_pb_line_break_holder||Jm\u00e9no a p\u0159\u00edjmen\u00ed: %%jmeno%%||et_pb_line_break_holder||E-mail: %%email%%||et_pb_line_break_holder||Telefon: %%telefon%%||et_pb_line_break_holder||Zpr\u00e1va: %%zprava%%&#8221; success_message=&#8221;We appreciate you contacting us. We will get back in touch with you soon!&#8221; _builder_version=&#8221;4.4.8&#8243; form_field_background_color=&#8221;#f7f7f7&#8243; form_field_text_color=&#8221;#000000&#8243; form_field_focus_background_color=&#8221;#ffffff&#8221; form_field_focus_text_color=&#8221;#000000&#8243; form_field_font=&#8221;Quicksand||||||||&#8221; form_field_font_size=&#8221;17px&#8221; custom_button=&#8221;on&#8221; button_text_color=&#8221;#c88761&#8243; button_bg_color=&#8221;#ffffff&#8221; button_border_width=&#8221;2px&#8221; button_border_radius=&#8221;0px&#8221; button_font=&#8221;Quicksand||||||||&#8221; button_on_hover=&#8221;off&#8221;][et_pb_contact_field field_id=&#8221;jmeno&#8221; field_title=&#8221;Your First &#038; Last Name:&#8221; fullwidth_field=&#8221;on&#8221; _builder_version=&#8221;4.4.1&#8243; button_text_size__hover_enabled=&#8221;off&#8221; button_one_text_size__hover_enabled=&#8221;off&#8221; button_two_text_size__hover_enabled=&#8221;off&#8221; button_text_color__hover_enabled=&#8221;off&#8221; button_one_text_color__hover_enabled=&#8221;off&#8221; button_two_text_color__hover_enabled=&#8221;off&#8221; button_border_width__hover_enabled=&#8221;off&#8221; button_one_border_width__hover_enabled=&#8221;off&#8221; button_two_border_width__hover_enabled=&#8221;off&#8221; button_border_color__hover_enabled=&#8221;off&#8221; button_one_border_color__hover_enabled=&#8221;off&#8221; button_two_border_color__hover_enabled=&#8221;off&#8221; button_border_radius__hover_enabled=&#8221;off&#8221; button_one_border_radius__hover_enabled=&#8221;off&#8221; button_two_border_radius__hover_enabled=&#8221;off&#8221; button_letter_spacing__hover_enabled=&#8221;off&#8221; button_one_letter_spacing__hover_enabled=&#8221;off&#8221; button_two_letter_spacing__hover_enabled=&#8221;off&#8221; button_bg_color__hover_enabled=&#8221;off&#8221; button_one_bg_color__hover_enabled=&#8221;off&#8221; button_two_bg_color__hover_enabled=&#8221;off&#8221;][\/et_pb_contact_field][et_pb_contact_field field_id=&#8221;email&#8221; field_title=&#8221;Your Email:&#8221; field_type=&#8221;email&#8221; fullwidth_field=&#8221;on&#8221; _builder_version=&#8221;4.4.1&#8243; button_text_size__hover_enabled=&#8221;off&#8221; button_one_text_size__hover_enabled=&#8221;off&#8221; button_two_text_size__hover_enabled=&#8221;off&#8221; button_text_color__hover_enabled=&#8221;off&#8221; button_one_text_color__hover_enabled=&#8221;off&#8221; button_two_text_color__hover_enabled=&#8221;off&#8221; button_border_width__hover_enabled=&#8221;off&#8221; button_one_border_width__hover_enabled=&#8221;off&#8221; button_two_border_width__hover_enabled=&#8221;off&#8221; button_border_color__hover_enabled=&#8221;off&#8221; button_one_border_color__hover_enabled=&#8221;off&#8221; button_two_border_color__hover_enabled=&#8221;off&#8221; button_border_radius__hover_enabled=&#8221;off&#8221; button_one_border_radius__hover_enabled=&#8221;off&#8221; button_two_border_radius__hover_enabled=&#8221;off&#8221; button_letter_spacing__hover_enabled=&#8221;off&#8221; button_one_letter_spacing__hover_enabled=&#8221;off&#8221; button_two_letter_spacing__hover_enabled=&#8221;off&#8221; button_bg_color__hover_enabled=&#8221;off&#8221; button_one_bg_color__hover_enabled=&#8221;off&#8221; button_two_bg_color__hover_enabled=&#8221;off&#8221;][\/et_pb_contact_field][et_pb_contact_field field_id=&#8221;telefon&#8221; field_title=&#8221;Your Phone Number:&#8221; fullwidth_field=&#8221;on&#8221; _builder_version=&#8221;4.4.1&#8243;][\/et_pb_contact_field][et_pb_contact_field field_id=&#8221;zprava&#8221; field_title=&#8221;Additional notes:&#8221; field_type=&#8221;text&#8221; fullwidth_field=&#8221;on&#8221; _builder_version=&#8221;4.4.1&#8243; button_text_size__hover_enabled=&#8221;off&#8221; button_one_text_size__hover_enabled=&#8221;off&#8221; button_two_text_size__hover_enabled=&#8221;off&#8221; button_text_color__hover_enabled=&#8221;off&#8221; button_one_text_color__hover_enabled=&#8221;off&#8221; button_two_text_color__hover_enabled=&#8221;off&#8221; button_border_width__hover_enabled=&#8221;off&#8221; button_one_border_width__hover_enabled=&#8221;off&#8221; button_two_border_width__hover_enabled=&#8221;off&#8221; button_border_color__hover_enabled=&#8221;off&#8221; button_one_border_color__hover_enabled=&#8221;off&#8221; button_two_border_color__hover_enabled=&#8221;off&#8221; button_border_radius__hover_enabled=&#8221;off&#8221; button_one_border_radius__hover_enabled=&#8221;off&#8221; button_two_border_radius__hover_enabled=&#8221;off&#8221; button_letter_spacing__hover_enabled=&#8221;off&#8221; button_one_letter_spacing__hover_enabled=&#8221;off&#8221; button_two_letter_spacing__hover_enabled=&#8221;off&#8221; button_bg_color__hover_enabled=&#8221;off&#8221; button_one_bg_color__hover_enabled=&#8221;off&#8221; button_two_bg_color__hover_enabled=&#8221;off&#8221;][\/et_pb_contact_field][\/et_pb_contact_form][et_pb_text _builder_version=&#8221;4.4.1&#8243; text_font=&#8221;Source Sans Pro|300|||||||&#8221; text_text_color=&#8221;#000000&#8243; text_font_size=&#8221;16px&#8221; text_line_height=&#8221;1.5em&#8221; custom_margin=&#8221;9px||9px|||&#8221; custom_padding=&#8221;15px||28px||false|false&#8221;]<\/p>\n<p>By submitting the form you agree to the <span style=\"text-decoration: underline;\"><a href=\"https:\/\/www.winetoursmoravia.com\/en\/terms-and-conditions\/\" target=\"_blank\" rel=\"noopener noreferrer\">general terms and conditions<\/a><\/span> and <span style=\"text-decoration: underline;\"><a href=\"https:\/\/www.winetoursmoravia.com\/en\/gdpr\/\" target=\"_blank\" rel=\"noopener noreferrer\">privacy policy<\/a><\/span>.<\/p>\n<p>[\/et_pb_text][\/et_pb_column][\/et_pb_row][\/et_pb_section]<\/p>\n","protected":false},"excerpt":{"rendered":"<p>ContactHome \/ ContactDon&#8217;t hesitate to contact us. We are here for you!Wine Tours Moravia Tel.\/ Whatsapp:Anna: +420 722 056 731Maxim: +420 773 206 661 E-mail:info@winetoursmoravia.com Adress:Purky\u0148ova 1805\/ 1b692 01 Mikulov Bank account number: 86-2823080207\/0100IBAN: CZ2501000000862823080207BIC\/ SWIFT: KOMBCZPPXXX Get social with us:\u00a0 \u00a0 \u00a0 \u00a0\u00a0 \u00a0 \u00a0Contact usBy submitting the form you agree to the general [&hellip;]<\/p>\n","protected":false},"author":1,"featured_media":0,"parent":0,"menu_order":0,"comment_status":"closed","ping_status":"closed","template":"","meta":{"_et_pb_use_builder":"on","_et_pb_old_content":"[et_pb_section fb_built=\"1\" _builder_version=\"4.2.2\" custom_margin=\"||||false|false\" custom_padding=\"||0px||false|false\" border_width_top=\"1px\" border_color_top=\"#d8d8d8\"][et_pb_row column_structure=\"1_2,1_2\" use_custom_gutter=\"on\" gutter_width=\"2\" make_equal=\"on\" _builder_version=\"4.2.2\" background_position=\"bottom_left\" width=\"96%\" max_width=\"1500px\" module_alignment=\"center\" custom_margin=\"|0px|2px|0px|false|false\" custom_padding=\"0px||1px||false|false\" hover_enabled=\"0\" border_width_all=\"20px\" border_color_all=\"#ffffff\"][et_pb_column type=\"1_2\" _builder_version=\"4.2.2\" background_color=\"#f7f7f7\" custom_padding=\"30px|30px|30px|30px|false|false\" border_color_right=\"#ffffff\"][et_pb_text _builder_version=\"4.2.2\" text_font=\"Poppins|200|||||||\" text_text_color=\"#494949\" text_font_size=\"51px\" text_line_height=\"1.2em\" header_font=\"Quicksand||||||||\" header_text_color=\"#c88761\" header_font_size=\"60px\" header_line_height=\"1.2em\" text_orientation=\"center\" custom_margin=\"71px||4px|||\" hover_enabled=\"0\" header_font_size_tablet=\"50px\" header_font_size_phone=\"46px\" header_font_size_last_edited=\"on|desktop\" header_text_shadow_style=\"preset2\" header_text_shadow_horizontal_length=\"0em\" header_text_shadow_vertical_length=\"0em\" header_text_shadow_blur_strength=\"0.18em\" header_text_shadow_color=\"#ffffff\"]<h1>Kontakty<\/h1>\r\n[\/et_pb_text][et_pb_text _builder_version=\"4.2.2\" text_font=\"Source Sans Pro|300|||||||\" text_text_color=\"#000000\" text_font_size=\"16px\" text_line_height=\"1.5em\" text_orientation=\"center\" custom_margin=\"2px||15px||false|false\" custom_padding=\"5px||12px||false|false\" hover_enabled=\"0\"]<p><a href=\"http:\/\/www.winetoursmoravia.com\/\">\u00davod<\/a> \/\u00a0Kontaktn\u00ed \u00fadaje<\/p>\r\n[\/et_pb_text][et_pb_divider color=\"#d6d6d6\" divider_weight=\"1px\" _builder_version=\"4.2.2\" width=\"50%\" module_alignment=\"center\"][\/et_pb_divider][et_pb_text _builder_version=\"4.2.2\" text_font=\"Source Sans Pro|300|||||||\" text_text_color=\"#000000\" text_font_size=\"20px\" text_line_height=\"1.5em\" text_orientation=\"center\" custom_margin=\"9px||9px|||\" custom_padding=\"15px||185px||false|false\" hover_enabled=\"0\"]<p>Nev\u00e1hejte n\u00e1s kontaktovat. Jsme tu pro V\u00e1s!<\/p>\r\n[\/et_pb_text][\/et_pb_column][et_pb_column type=\"1_2\" _builder_version=\"4.2.2\" background_enable_color=\"off\" background_image=\"http:\/\/www.winetoursmoravia.com\/wp-content\/uploads\/2020\/02\/spole\u010dn\u00e1.jpg\" custom_padding=\"30px|30px|30px|30px|false|false\" hover_enabled=\"0\" border_color_right=\"#ffffff\"][\/et_pb_column][\/et_pb_row][et_pb_row column_structure=\"2_3,1_3\" _builder_version=\"4.2.2\" width=\"90%\" max_width=\"1500px\"][et_pb_column type=\"2_3\" _builder_version=\"4.2.2\"][et_pb_text _builder_version=\"4.2.2\" header_2_font=\"Quicksand|600||on|||||\" header_2_text_color=\"#c88761\" header_2_font_size=\"19px\" header_2_line_height=\"1.2em\" custom_margin=\"||0px||false|false\" custom_padding=\"||0px||false|false\" hover_enabled=\"0\"]<h2>Wine Tours Moravia<\/h2>\r\n[\/et_pb_text][et_pb_text _builder_version=\"4.2.2\" text_font=\"Source Sans Pro|300|||||||\" text_text_color=\"#000000\" text_font_size=\"18px\" text_line_height=\"1.5em\" custom_margin=\"9px||9px|||\" custom_padding=\"15px||32px||false|false\" hover_enabled=\"0\"]<p><strong>Tel.\/ Whatsapp:<\/strong><br \/> Anna: <a href=\"tel:+420722056731\">+420 722 056 731<\/a><br \/> Maxim: <a href=\"tel:+420773206661\">+420 773 206 661<\/a><\/p>\r\n<p><strong>E-mail:<\/strong><br \/> <a href=\"mailto:info@winetoursmoravia.com\">info@winetoursmoravia.com<\/a><\/p>\r\n<p><strong>Adresa:<\/strong><br \/> Purky\u0148ova 1805<br \/> 692 01 Mikulov<\/p>\r\n<p>I\u010c: 04493303<\/p>\r\n<p><strong>Bankovn\u00ed spojen\u00ed:<\/strong><br \/> Komer\u010dn\u00ed banka, 86-2823080207\/0100<\/p>\r\n<p><strong>Spojete se s n\u00e1mi na soci\u00e1ln\u00edch s\u00edt\u00edch:<\/strong><\/p>\r\n<p><img src=\"http:\/\/www.winetoursmoravia.com\/wp-content\/uploads\/2020\/01\/FB1.png\" width=\"50\" height=\"50\" alt=\"\" class=\"wp-image-349 alignnone size-full\" \/>\u00a0 \u00a0 \u00a0<img src=\"http:\/\/www.winetoursmoravia.com\/wp-content\/uploads\/2020\/03\/Instagram.png\" width=\"50\" height=\"50\" alt=\"\" class=\"wp-image-1436 alignnone size-full\" \/>\u00a0 \u00a0 \u00a0<img src=\"http:\/\/www.winetoursmoravia.com\/wp-content\/uploads\/2020\/01\/TA.png\" width=\"50\" height=\"50\" alt=\"\" class=\"wp-image-350 alignnone size-full\" \/><\/p>\r\n[\/et_pb_text][\/et_pb_column][et_pb_column type=\"1_3\" _builder_version=\"4.2.2\"][et_pb_text _builder_version=\"4.2.2\" header_2_font=\"Quicksand|600||on|||||\" header_2_text_color=\"#c88761\" header_2_font_size=\"19px\" header_2_line_height=\"1.2em\" custom_margin=\"||0px||false|false\" custom_padding=\"||17px||false|false\" hover_enabled=\"0\"]<h2>Kontaktujte n\u00e1s<\/h2>\r\n[\/et_pb_text][et_pb_contact_form email=\"obchod@netboost.cz\" custom_message=\"Ahoj Ani\u010dko a Maxi,||et_pb_line_break_holder||||et_pb_line_break_holder||na webov\u00fdch str\u00e1nk\u00e1ch winetoursmoravia.com byl vypln\u011bn kontaktn\u00ed formul\u00e1\u0159 - Kontakty.||et_pb_line_break_holder||||et_pb_line_break_holder||\u00dadaje o klientovi||et_pb_line_break_holder||Jm\u00e9no a p\u0159\u00edjmen\u00ed: %%jmeno%%||et_pb_line_break_holder||E-mail: %%email%%||et_pb_line_break_holder||Telefon: %%telefon%%||et_pb_line_break_holder||Zpr\u00e1va: %%zprava%%\" success_message=\"D\u011bkujeme za odesl\u00e1n\u00ed rezerva\u010dn\u00edho formul\u00e1\u0159e. V nejbli\u017e\u0161\u00ed dob\u011b se s V\u00e1mi spoj\u00edme a za\u010dneme pracovat na p\u0159\u00edprav\u011b Va\u0161\u00ed cesty za v\u00ednem.\" _builder_version=\"4.2.2\" form_field_background_color=\"#f7f7f7\" form_field_text_color=\"#000000\" form_field_focus_background_color=\"#ffffff\" form_field_focus_text_color=\"#000000\" form_field_font=\"Quicksand||||||||\" form_field_font_size=\"17px\" custom_button=\"on\" button_text_color=\"#c88761\" button_bg_color=\"#ffffff\" button_border_width=\"2px\" button_border_radius=\"0px\" button_font=\"Quicksand||||||||\" button_on_hover=\"off\" hover_enabled=\"0\"][et_pb_contact_field field_id=\"jmeno\" field_title=\"Jm\u00e9no a p\u0159\u00edjmen\u00ed\" fullwidth_field=\"on\" _builder_version=\"4.2.2\" button_text_size__hover_enabled=\"off\" button_one_text_size__hover_enabled=\"off\" button_two_text_size__hover_enabled=\"off\" button_text_color__hover_enabled=\"off\" button_one_text_color__hover_enabled=\"off\" button_two_text_color__hover_enabled=\"off\" button_border_width__hover_enabled=\"off\" button_one_border_width__hover_enabled=\"off\" button_two_border_width__hover_enabled=\"off\" button_border_color__hover_enabled=\"off\" button_one_border_color__hover_enabled=\"off\" button_two_border_color__hover_enabled=\"off\" button_border_radius__hover_enabled=\"off\" button_one_border_radius__hover_enabled=\"off\" button_two_border_radius__hover_enabled=\"off\" button_letter_spacing__hover_enabled=\"off\" button_one_letter_spacing__hover_enabled=\"off\" button_two_letter_spacing__hover_enabled=\"off\" button_bg_color__hover_enabled=\"off\" button_one_bg_color__hover_enabled=\"off\" button_two_bg_color__hover_enabled=\"off\"][\/et_pb_contact_field][et_pb_contact_field field_id=\"email\" field_title=\"E-mailov\u00e1 adresa\" field_type=\"email\" fullwidth_field=\"on\" _builder_version=\"4.2.2\" button_text_size__hover_enabled=\"off\" button_one_text_size__hover_enabled=\"off\" button_two_text_size__hover_enabled=\"off\" button_text_color__hover_enabled=\"off\" button_one_text_color__hover_enabled=\"off\" button_two_text_color__hover_enabled=\"off\" button_border_width__hover_enabled=\"off\" button_one_border_width__hover_enabled=\"off\" button_two_border_width__hover_enabled=\"off\" button_border_color__hover_enabled=\"off\" button_one_border_color__hover_enabled=\"off\" button_two_border_color__hover_enabled=\"off\" button_border_radius__hover_enabled=\"off\" button_one_border_radius__hover_enabled=\"off\" button_two_border_radius__hover_enabled=\"off\" button_letter_spacing__hover_enabled=\"off\" button_one_letter_spacing__hover_enabled=\"off\" button_two_letter_spacing__hover_enabled=\"off\" button_bg_color__hover_enabled=\"off\" button_one_bg_color__hover_enabled=\"off\" button_two_bg_color__hover_enabled=\"off\"][\/et_pb_contact_field][et_pb_contact_field field_id=\"telefon\" field_title=\"Telefon\" fullwidth_field=\"on\" _builder_version=\"4.2.2\"][\/et_pb_contact_field][et_pb_contact_field field_id=\"zprava\" field_title=\"Zpr\u00e1va\" field_type=\"text\" fullwidth_field=\"on\" _builder_version=\"4.2.2\" button_text_size__hover_enabled=\"off\" button_one_text_size__hover_enabled=\"off\" button_two_text_size__hover_enabled=\"off\" button_text_color__hover_enabled=\"off\" button_one_text_color__hover_enabled=\"off\" button_two_text_color__hover_enabled=\"off\" button_border_width__hover_enabled=\"off\" button_one_border_width__hover_enabled=\"off\" button_two_border_width__hover_enabled=\"off\" button_border_color__hover_enabled=\"off\" button_one_border_color__hover_enabled=\"off\" button_two_border_color__hover_enabled=\"off\" button_border_radius__hover_enabled=\"off\" button_one_border_radius__hover_enabled=\"off\" button_two_border_radius__hover_enabled=\"off\" button_letter_spacing__hover_enabled=\"off\" button_one_letter_spacing__hover_enabled=\"off\" button_two_letter_spacing__hover_enabled=\"off\" button_bg_color__hover_enabled=\"off\" button_one_bg_color__hover_enabled=\"off\" button_two_bg_color__hover_enabled=\"off\"][\/et_pb_contact_field][\/et_pb_contact_form][\/et_pb_column][\/et_pb_row][\/et_pb_section]","_et_gb_content_width":"","_monsterinsights_skip_tracking":false,"_monsterinsights_sitenote_active":false,"_monsterinsights_sitenote_note":"","_monsterinsights_sitenote_category":0,"two_page_speed":[],"footnotes":""},"class_list":["post-1855","page","type-page","status-publish","hentry"],"aioseo_notices":[],"_links":{"self":[{"href":"https:\/\/www.winetoursmoravia.com\/en\/wp-json\/wp\/v2\/pages\/1855","targetHints":{"allow":["GET"]}}],"collection":[{"href":"https:\/\/www.winetoursmoravia.com\/en\/wp-json\/wp\/v2\/pages"}],"about":[{"href":"https:\/\/www.winetoursmoravia.com\/en\/wp-json\/wp\/v2\/types\/page"}],"author":[{"embeddable":true,"href":"https:\/\/www.winetoursmoravia.com\/en\/wp-json\/wp\/v2\/users\/1"}],"replies":[{"embeddable":true,"href":"https:\/\/www.winetoursmoravia.com\/en\/wp-json\/wp\/v2\/comments?post=1855"}],"version-history":[{"count":26,"href":"https:\/\/www.winetoursmoravia.com\/en\/wp-json\/wp\/v2\/pages\/1855\/revisions"}],"predecessor-version":[{"id":3861,"href":"https:\/\/www.winetoursmoravia.com\/en\/wp-json\/wp\/v2\/pages\/1855\/revisions\/3861"}],"wp:attachment":[{"href":"https:\/\/www.winetoursmoravia.com\/en\/wp-json\/wp\/v2\/media?parent=1855"}],"curies":[{"name":"wp","href":"https:\/\/api.w.org\/{rel}","templated":true}]}}