{"id":5097,"date":"2022-12-12T20:26:27","date_gmt":"2022-12-12T20:26:27","guid":{"rendered":"https:\/\/www.winetoursmoravia.com\/?page_id=5097"},"modified":"2026-02-25T08:22:12","modified_gmt":"2026-02-25T08:22:12","slug":"%ec%a0%84%eb%ac%b8%ea%b0%80-%ed%88%ac%ec%96%b4","status":"publish","type":"page","link":"https:\/\/www.winetoursmoravia.com\/ko\/%ec%99%80%ec%9d%b8%ec%9d%84-%ec%b0%be%ec%95%84-%eb%96%a0%eb%82%98%eb%8a%94-%eb%82%a8%eb%b6%80-%eb%aa%a8%eb%9d%bc%eb%b9%84%ec%95%84%ec%9d%98-3%ea%b0%80%ec%a7%80-%ec%99%80%ec%9d%b8-%ed%88%ac%ec%96%b4\/%ec%a0%84%eb%ac%b8%ea%b0%80-%ed%88%ac%ec%96%b4\/","title":{"rendered":"\uc804\ubb38\uac00 \ud22c\uc5b4"},"content":{"rendered":"<p>[et_pb_section fb_built=&#8221;1&#8243; _builder_version=&#8221;4.16&#8243; custom_margin=&#8221;||||false|false&#8221; custom_padding=&#8221;||0px||false|false&#8221; border_width_top=&#8221;1px&#8221; border_color_top=&#8221;#d8d8d8&#8243; global_colors_info=&#8221;{}&#8221;][et_pb_row column_structure=&#8221;1_2,1_2&#8243; use_custom_gutter=&#8221;on&#8221; gutter_width=&#8221;2&#8243; make_equal=&#8221;on&#8221; _builder_version=&#8221;4.19.2&#8243; background_position=&#8221;bottom_left&#8221; width=&#8221;96%&#8221; max_width=&#8221;1500px&#8221; module_alignment=&#8221;center&#8221; custom_margin=&#8221;|0px|2px|0px|false|false&#8221; custom_padding=&#8221;0px||1px||false|false&#8221; border_width_all=&#8221;20px&#8221; border_color_all=&#8221;#ffffff&#8221; global_colors_info=&#8221;{}&#8221;][et_pb_column type=&#8221;1_2&#8243; _builder_version=&#8221;4.16&#8243; background_color=&#8221;#f7f7f7&#8243; custom_padding=&#8221;30px|30px|30px|30px|false|false&#8221; border_color_right=&#8221;#ffffff&#8221; global_colors_info=&#8221;{}&#8221;][et_pb_text _builder_version=&#8221;4.19.2&#8243; text_font=&#8221;Poppins|200|||||||&#8221; text_text_color=&#8221;#494949&#8243; text_font_size=&#8221;51px&#8221; text_line_height=&#8221;1.2em&#8221; header_font=&#8221;Quicksand||||||||&#8221; header_text_color=&#8221;#c88761&#8243; header_font_size=&#8221;60px&#8221; header_line_height=&#8221;1.2em&#8221; text_orientation=&#8221;center&#8221; custom_margin=&#8221;71px||4px|||&#8221; header_font_size_tablet=&#8221;50px&#8221; header_font_size_phone=&#8221;30px&#8221; header_font_size_last_edited=&#8221;on|phone&#8221; header_text_shadow_style=&#8221;preset2&#8243; header_text_shadow_horizontal_length=&#8221;0em&#8221; header_text_shadow_vertical_length=&#8221;0em&#8221; header_text_shadow_blur_strength=&#8221;0.18em&#8221; header_text_shadow_color=&#8221;#ffffff&#8221; global_colors_info=&#8221;{}&#8221;]<\/p>\n<h1>\uc804\ubb38\uac00 \ud22c\uc5b4<\/h1>\n<p>[\/et_pb_text][et_pb_text _builder_version=&#8221;4.19.2&#8243; text_font=&#8221;Source Sans Pro|300|||||||&#8221; text_text_color=&#8221;#000000&#8243; text_font_size=&#8221;16px&#8221; text_line_height=&#8221;1.5em&#8221; text_orientation=&#8221;center&#8221; custom_margin=&#8221;2px||15px||false|false&#8221; custom_padding=&#8221;5px||12px||false|false&#8221; global_colors_info=&#8221;{}&#8221;]<\/p>\n<p><a href=\"https:\/\/www.winetoursmoravia.com\/ko\/\">\uc6b0\ubcf4\ub4dc<\/a> \/ <a href=\"https:\/\/www.winetoursmoravia.com\/ko\/%ec%99%80%ec%9d%b8%ec%9d%84-%ec%b0%be%ec%95%84-%eb%96%a0%eb%82%98%eb%8a%94-%eb%82%a8%eb%b6%80-%eb%aa%a8%eb%9d%bc%eb%b9%84%ec%95%84%ec%9d%98-3%ea%b0%80%ec%a7%80-%ec%99%80%ec%9d%b8-%ed%88%ac%ec%96%b4\/\">\uc640\uc778\uc744 \ucc3e\uc544 \ub5a0\ub098\ub294 \ub0a8\ubd80 \ubaa8\ub77c\ube44\uc544\uc758 3\uac00\uc9c0 \uc640\uc778 \ud22c\uc5b4<\/a> \/ \uc804\ubb38\uac00 \ud22c\uc5b4<\/p>\n<p>[\/et_pb_text][et_pb_divider color=&#8221;#d6d6d6&#8243; divider_weight=&#8221;1px&#8221; _builder_version=&#8221;4.16&#8243; width=&#8221;50%&#8221; module_alignment=&#8221;center&#8221; global_colors_info=&#8221;{}&#8221;][\/et_pb_divider][et_pb_text _builder_version=&#8221;4.19.2&#8243; text_font=&#8221;Source Sans Pro|300|||||||&#8221; text_text_color=&#8221;#000000&#8243; text_font_size=&#8221;20px&#8221; text_line_height=&#8221;1.5em&#8221; text_orientation=&#8221;center&#8221; custom_margin=&#8221;9px||9px|||&#8221; custom_padding=&#8221;15px||93px||false|false&#8221; global_colors_info=&#8221;{}&#8221;]<\/p>\n<p>\ud22c\uc5b4\ub294 \uc601\uc5b4\ub85c \uc9c4\ud589\ub418\uba70 \ucd94\uac00 \uc694\uae08 \uc9c0\ubd88 \uc2dc \ud55c\uad6d\uc5b4 \uac00\uc774\ub4dc \uc11c\ube44\uc2a4\uac00 \uc81c\uacf5\ub429\ub2c8\ub2e4.<\/p>\n<p>[\/et_pb_text][\/et_pb_column][et_pb_column type=&#8221;1_2&#8243; _builder_version=&#8221;4.19.2&#8243; background_enable_color=&#8221;off&#8221; background_image=&#8221;https:\/\/www.winetoursmoravia.com\/wp-content\/uploads\/2022\/12\/votA\u00b0-napravo-po-rozkliknut\u00b0-experti-scaled.jpg&#8221; custom_padding=&#8221;30px|30px|30px|30px|false|false&#8221; border_color_right=&#8221;#ffffff&#8221; global_colors_info=&#8221;{}&#8221;][\/et_pb_column][\/et_pb_row][et_pb_row column_structure=&#8221;2_3,1_3&#8243; _builder_version=&#8221;4.16&#8243; width=&#8221;90%&#8221; max_width=&#8221;1500px&#8221; global_colors_info=&#8221;{}&#8221; custom_padding=&#8221;||5px|||&#8221;][et_pb_column type=&#8221;2_3&#8243; _builder_version=&#8221;4.16&#8243; global_colors_info=&#8221;{}&#8221;][et_pb_text _builder_version=&#8221;4.19.2&#8243; text_font=&#8221;Source Sans Pro|300|||||||&#8221; text_text_color=&#8221;#000000&#8243; text_font_size=&#8221;18px&#8221; text_line_height=&#8221;1.5em&#8221; custom_margin=&#8221;9px||9px|||&#8221; custom_padding=&#8221;15px||32px||false|false&#8221; global_colors_info=&#8221;{}&#8221;]<\/p>\n<p>9:00 \ube0c\ub974\ub178(Brno) \ud638\ud154 \ud53d\uc5c5, \uc640\uc778 \uc800\uc7a5\uace0\uc640 \uace0\uae09 \ud604\uc9c0 \uc640\uc778 \uc0dd\uc0b0\uc790\ub4e4\uc758 \ubd80\ud2f0\ud06c\ub4e4\uc744 \ubc29\ubb38\ud574 \ud604\ub300\uc801\uc778 \uc640\uc778\ubd80\ud130 \uc804\ud1b5\uc801\uc778 \uac83\uae4c\uc9c0 \ucc3e\uc544 \ub5a0\ub098\ub294 \uc5ec\ud589 \uc2dc\uc791<br \/>10:00 \uc190\ubca0\ub974\ud06c(Sonberk) \uc640\uc774\ub108\ub9ac &#8211; \ud314\ub77c\ubc14\uac00 \ubcf4\uc774\ub294 \ud3ec\ub3c4\ubc2d\uc5d0\uc11c \uc640\uc778 \uc2dc\uc74c \ubc0f \uc0ac\uc9c4 \ucd2c\uc601<br \/>11:00 \uace0\ud2b8\ubca0\ub974\uadf8(Gotberg) \uc9c0\ud558 \uc640\uc778 \uc800\uc7a5\uace0 &#8211; 2009\ub144 \ucd5c\uace0\uc758 \uac74\ubb3c\uc0c1 \uc218\uc0c1<br \/>11:45 \ub178\ubca0 \ubbc8\ub9b0(Nov\u00e9 Ml\u00fdn) \uac15\ub451\uc5d0 \uc704\uce58\ud55c \uc2a4\ud2b8\ub77c\ud638\ud2f4(Strachot\u00edn)\uc758 \uadf8\ub9bc \uac19\uc740 \uc640\uc778 \uc800\uc7a5\uace0 \uac70\ub9ac\ub97c \ub530\ub77c \uc0b0\ucc45<br \/>12:15 \ud30c\ube14\ub85c\ud504(Pavlov) \ud22c\uc5b4 \ubc0f \ubaa8\ub77c\ube44\uc544 \uc2a4\ud30c\ud074\ub9c1 \uc640\uc778 \ud55c \ubcd1\uacfc \ud568\uaed8 \ud3ec\ub3c4\ubc2d \ud53c\ud06c\ub2c9, \ud3ec\ub3c4 \uc7ac\ubc30 \uc124\uba85 \ubc0f \uc2dc\uc5f0<br \/>14:00 \ube0c\ub974\uc81c\uc9c0(B\u0159ez\u00ed)\uc758 \ubaa8\ub77c\ube44\uc544 \uc804\ud1b5 \uc640\uc774\ub108\ub9ac &#8211; \uc804\ud1b5 \ubc29\uc2dd\uc73c\ub85c \uc9c4\ud589\ub418\ub294 \uc640\uc778 \uc2dc\uc74c \ubc0f \uc640\uc778 \uc0dd\uc0b0 \uc124\uba85<br \/>15:00 \ub3cc\ub2c8 \ub450\ub098\uc694\ube44\uccb4(Doln\u00ed Dunajovice) &#8211; \ubbf8\ud06c\ub85c\uc2a4\ube48(Mikrosv\u00edn)\uc5d0\uc11c \ubc14\ub77c\ubcf4\ub294 \ud314\ub77c\ubc14 \uc804\ub9dd, \uc640\uc778 \uc2dc\uc74c<br \/>16:30 \ube0c\ub974\ub178 \ud638\ud154\ub85c \ubcf5\uadc0<\/p>\n<p>\ucd1d \uc5ec\ud589 \uacbd\ub85c\ub294 \uc57d 140km\ub85c \uc804\uc6a9\ucc28\ub7c9, \uc810\uc2ec \uc2dd\uc0ac, 10\uac00\uc9c0 \uc640\uc778 \uc2dc\uc74c, \uc640\uc778\uc794\uacfc \ub2ec\ucf64\ud55c \uc640\uc778 \ud55c \ubcd1\uc774 \ud22c\uc5b4 \uae08\uc561\uc5d0 \ud3ec\ud568\ub429\ub2c8\ub2e4.<br \/>[\uac00\uaca9]<br \/>2\uc778: 4,000 CZK\/ 235 000 KRW\/\uc778<br \/>3\uc778: 3,400 CZK\/ 200 000 KRW\/\uc778<br \/>4-14\uc778: 2,500 CZK\/150 000 KRW\/\uc778<\/p>\n<p>\u201c \ub0a8\ubd80 \ubaa8\ub77c\ube44\uc544\uc758 \uc911\uc2ec\ubd80\uc5d0\uc11c \uc640\uc778 \uc560\ud638\uac00\ub4e4\uc744 \uc704\ud55c \uc78a\uc9c0 \ubabb\ud560 \ud558\ub8e8\ub97c \uc120\uc0ac\ud569\ub2c8\ub2e4. \ubaa8\ub77c\ube44\uc544\uc758 \ud3ec\ub3c4 \uc7ac\ubc30\uc640 \uc640\uc778 \uc0dd\uc0b0\uc5d0 \ub300\ud574 \ub9ce\uc740 \uac83\uc744 \ubc30\uc6b8 \uc218 \uc788\ub294 \uae30\ud68c\ub85c, \ud604\ub300\uc801\uc778 \uae30\uc5c5\uacfc \ubaa8\ub77c\ube44\uc544\uc758 \uc804\ud1b5 \uc640\uc774\ub108\ub9ac\uae4c\uc9c0 \ucd1d 4\uacf3\uc758 \uc640\uc774\ub108\ub9ac\ub97c \ubc29\ubb38\ud558\uac8c \ub429\ub2c8\ub2e4. \ud3ec\ub3c4\ubc2d \ud55c\uac00\uc6b4\ub370\uc11c \uc990\uae30\ub294 \ubaa8\ub77c\ube44\uc544\uc758 \uc804\ud1b5 \uc74c\uc2dd\uacfc \uc640\uc778 \ud398\uc5b4\ub9c1 \ud53c\ud06c\ub2c9\uc740 \ucd5c\uace0\uc758 \uc21c\uac04\uc774 \ub420 \uac83\uc785\ub2c8\ub2e4. \ube0c\ub974\ub178 \ud638\ud154\uc5d0\uc11c \ud53d\uc5c5\uacfc \uc0cc\ub529\uc774 \uc774\ub8e8\uc5b4\uc9c0\ub2c8 \uc5ec\ub7ec\ubd84\uc740 \uc544\ubb34\ub7f0 \uac71\uc815 \ud560 \ud544\uc694 \uc5c6\uc774 \uc990\uae30\uae30\ub9cc \ud558\uba74 \ub429\ub2c8\ub2e4. \ub0a8\ubd80 \ubaa8\ub77c\ube44\uc544\ub294 \uc640\uc778 \ud22c\uc5b4\uc2a4 \ubaa8\ub77c\ube44\uc544 (Wine Tours Moravia)\uc758 \uace0\ud5a5\uc73c\ub85c \ub0a8\ubd80 \ubaa8\ub77c\ube44\uc544\uc758 \uc9c0\ud615\uacfc \uc640\uc778 \uc0dd\uc0b0\uc790\ub4e4\uc744 \ub9e4\uc6b0 \uc798 \uc54c\uace0 \uc788\uc2b5\ub2c8\ub2e4. \uc5ec\ub7ec\ubd84\uc5d0\uac8c \ud314\ub77c\ubc14\uc758 \uadf8\ub9bc \uac19\uc740 \uc640\uc778 \uc9c0\uc5ed\uc744 \uc18c\uac1c\ud560 \uc218 \uc788\uac8c \ub418\uc5b4 \ub9e4\uc6b0 \uae30\uc069\ub2c8\ub2e4!\u201d<\/p>\n<p>[\/et_pb_text][\/et_pb_column][et_pb_column type=&#8221;1_3&#8243; _builder_version=&#8221;4.16&#8243; global_colors_info=&#8221;{}&#8221;][et_pb_text module_id=&#8221;book&#8221; _builder_version=&#8221;4.19.2&#8243; header_2_font=&#8221;Quicksand|600||on|||||&#8221; header_2_text_color=&#8221;#c88761&#8243; header_2_font_size=&#8221;19px&#8221; header_2_line_height=&#8221;1.2em&#8221; custom_margin=&#8221;||0px||false|false&#8221; custom_padding=&#8221;||17px||false|false&#8221; global_colors_info=&#8221;{}&#8221;]<\/p>\n<h2>\uc608\uc57d<\/h2>\n<p>[\/et_pb_text][et_pb_contact_form use_spam_service=&#8221;on&#8221; recaptcha_list=&#8221;WTM|WTM-0&#8243; email=&#8221;info@winetoursmoravia.com&#8221; custom_message=&#8221;Na webov\u00fdch str\u00e1nk\u00e1ch winetoursmoravia.com byl vypln\u011bn rezerva\u010dn\u00ed formul\u00e1\u0159 &#8211; EXPERT TOUR (Korej\u0161tina)||et_pb_line_break_holder||||et_pb_line_break_holder||\u00dadaje o klientovi||et_pb_line_break_holder||Jm\u00e9no a p\u0159\u00edjmen\u00ed: %%jmeno%%||et_pb_line_break_holder||E-mail: %%email%%||et_pb_line_break_holder||Telefon: %%telefon%%||et_pb_line_break_holder||Po\u010det osob: %%osoby%%||et_pb_line_break_holder||Datum: %%datum%%||et_pb_line_break_holder||Zpr\u00e1va: %%zprava%%&#8221; success_message=&#8221;D\u011bkujeme za odesl\u00e1n\u00ed rezerva\u010dn\u00edho formul\u00e1\u0159e. V nejbli\u017e\u0161\u00ed dob\u011b se s V\u00e1mi spoj\u00edme a za\u010dneme pracovat na p\u0159\u00edprav\u011b Va\u0161\u00ed cesty za v\u00ednem.&#8221; _builder_version=&#8221;4.19.2&#8243; _unique_id=&#8221;e6f30710-0b0f-4bb8-a063-84e095ac77f8&#8243; form_field_background_color=&#8221;#f7f7f7&#8243; form_field_text_color=&#8221;#000000&#8243; form_field_focus_background_color=&#8221;#ffffff&#8221; form_field_focus_text_color=&#8221;#000000&#8243; form_field_font=&#8221;Quicksand||||||||&#8221; form_field_font_size=&#8221;17px&#8221; custom_button=&#8221;on&#8221; button_text_color=&#8221;#c88761&#8243; button_bg_color=&#8221;#ffffff&#8221; button_border_width=&#8221;2px&#8221; button_border_radius=&#8221;0px&#8221; button_font=&#8221;Quicksand||||||||&#8221; button_on_hover=&#8221;off&#8221; global_colors_info=&#8221;{}&#8221;][et_pb_contact_field field_id=&#8221;jmeno&#8221; field_title=&#8221;\uc774\ub984&#8221; fullwidth_field=&#8221;on&#8221; _builder_version=&#8221;4.19.2&#8243; global_colors_info=&#8221;{}&#8221; button_text_size__hover_enabled=&#8221;off&#8221; button_one_text_size__hover_enabled=&#8221;off&#8221; button_two_text_size__hover_enabled=&#8221;off&#8221; button_text_color__hover_enabled=&#8221;off&#8221; button_one_text_color__hover_enabled=&#8221;off&#8221; button_two_text_color__hover_enabled=&#8221;off&#8221; button_border_width__hover_enabled=&#8221;off&#8221; button_one_border_width__hover_enabled=&#8221;off&#8221; button_two_border_width__hover_enabled=&#8221;off&#8221; button_border_color__hover_enabled=&#8221;off&#8221; button_one_border_color__hover_enabled=&#8221;off&#8221; button_two_border_color__hover_enabled=&#8221;off&#8221; button_border_radius__hover_enabled=&#8221;off&#8221; button_one_border_radius__hover_enabled=&#8221;off&#8221; button_two_border_radius__hover_enabled=&#8221;off&#8221; button_letter_spacing__hover_enabled=&#8221;off&#8221; button_one_letter_spacing__hover_enabled=&#8221;off&#8221; button_two_letter_spacing__hover_enabled=&#8221;off&#8221; button_bg_color__hover_enabled=&#8221;off&#8221; button_one_bg_color__hover_enabled=&#8221;off&#8221; button_two_bg_color__hover_enabled=&#8221;off&#8221;][\/et_pb_contact_field][et_pb_contact_field field_id=&#8221;email&#8221; field_title=&#8221;\uc774\uba54\uc77c&#8221; field_type=&#8221;email&#8221; fullwidth_field=&#8221;on&#8221; _builder_version=&#8221;4.19.2&#8243; global_colors_info=&#8221;{}&#8221; button_text_size__hover_enabled=&#8221;off&#8221; button_one_text_size__hover_enabled=&#8221;off&#8221; button_two_text_size__hover_enabled=&#8221;off&#8221; button_text_color__hover_enabled=&#8221;off&#8221; button_one_text_color__hover_enabled=&#8221;off&#8221; button_two_text_color__hover_enabled=&#8221;off&#8221; button_border_width__hover_enabled=&#8221;off&#8221; button_one_border_width__hover_enabled=&#8221;off&#8221; button_two_border_width__hover_enabled=&#8221;off&#8221; button_border_color__hover_enabled=&#8221;off&#8221; button_one_border_color__hover_enabled=&#8221;off&#8221; button_two_border_color__hover_enabled=&#8221;off&#8221; button_border_radius__hover_enabled=&#8221;off&#8221; button_one_border_radius__hover_enabled=&#8221;off&#8221; button_two_border_radius__hover_enabled=&#8221;off&#8221; button_letter_spacing__hover_enabled=&#8221;off&#8221; button_one_letter_spacing__hover_enabled=&#8221;off&#8221; button_two_letter_spacing__hover_enabled=&#8221;off&#8221; button_bg_color__hover_enabled=&#8221;off&#8221; button_one_bg_color__hover_enabled=&#8221;off&#8221; button_two_bg_color__hover_enabled=&#8221;off&#8221;][\/et_pb_contact_field][et_pb_contact_field field_id=&#8221;telefon&#8221; field_title=&#8221;\uc804\ud654\ubc88\ud638&#8221; fullwidth_field=&#8221;on&#8221; _builder_version=&#8221;4.19.2&#8243; global_colors_info=&#8221;{}&#8221;][\/et_pb_contact_field][et_pb_contact_field field_id=&#8221;osoby&#8221; field_title=&#8221;\uc778\uc6d0&#8221; allowed_symbols=&#8221;numbers&#8221; fullwidth_field=&#8221;on&#8221; _builder_version=&#8221;4.19.2&#8243; global_colors_info=&#8221;{}&#8221;][\/et_pb_contact_field][et_pb_contact_field field_id=&#8221;datum&#8221; field_title=&#8221;\ub0a0\uc9dc&#8221; fullwidth_field=&#8221;on&#8221; _builder_version=&#8221;4.19.2&#8243; global_colors_info=&#8221;{}&#8221;][\/et_pb_contact_field][et_pb_contact_field field_id=&#8221;zprava&#8221; field_title=&#8221;\ube44\uace0&#8221; field_type=&#8221;text&#8221; fullwidth_field=&#8221;on&#8221; _builder_version=&#8221;4.19.2&#8243; global_colors_info=&#8221;{}&#8221; button_text_size__hover_enabled=&#8221;off&#8221; button_one_text_size__hover_enabled=&#8221;off&#8221; button_two_text_size__hover_enabled=&#8221;off&#8221; button_text_color__hover_enabled=&#8221;off&#8221; button_one_text_color__hover_enabled=&#8221;off&#8221; button_two_text_color__hover_enabled=&#8221;off&#8221; button_border_width__hover_enabled=&#8221;off&#8221; button_one_border_width__hover_enabled=&#8221;off&#8221; button_two_border_width__hover_enabled=&#8221;off&#8221; button_border_color__hover_enabled=&#8221;off&#8221; button_one_border_color__hover_enabled=&#8221;off&#8221; button_two_border_color__hover_enabled=&#8221;off&#8221; button_border_radius__hover_enabled=&#8221;off&#8221; button_one_border_radius__hover_enabled=&#8221;off&#8221; button_two_border_radius__hover_enabled=&#8221;off&#8221; button_letter_spacing__hover_enabled=&#8221;off&#8221; button_one_letter_spacing__hover_enabled=&#8221;off&#8221; button_two_letter_spacing__hover_enabled=&#8221;off&#8221; button_bg_color__hover_enabled=&#8221;off&#8221; button_one_bg_color__hover_enabled=&#8221;off&#8221; button_two_bg_color__hover_enabled=&#8221;off&#8221;][\/et_pb_contact_field][\/et_pb_contact_form][\/et_pb_column][\/et_pb_row][et_pb_row _builder_version=&#8221;4.27.4&#8243; _module_preset=&#8221;default&#8221; width=&#8221;90%&#8221; max_width=&#8221;90%&#8221; global_colors_info=&#8221;{}&#8221; theme_builder_area=&#8221;post_content&#8221;][et_pb_column type=&#8221;4_4&#8243; _builder_version=&#8221;4.27.4&#8243; _module_preset=&#8221;default&#8221; global_colors_info=&#8221;{}&#8221; theme_builder_area=&#8221;post_content&#8221;][dmg_masonry_gallery columns=&#8221;4&#8243; zoom_hover=&#8221;on&#8221; columns_tablet=&#8221;2&#8243; columns_phone=&#8221;1&#8243; columns_last_edited=&#8221;on|phone&#8221; _builder_version=&#8221;4.27.4&#8243; _module_preset=&#8221;default&#8221; hover_enabled=&#8221;0&#8243; global_colors_info=&#8221;{}&#8221; theme_builder_area=&#8221;post_content&#8221; gallery=&#8221;8537,8540,8543,8546,8549,8552,8555,8558,8561,8564,8567,8570,8573,8576,8579,8582,8585,8588&#8243; sticky_enabled=&#8221;0&#8243;][\/dmg_masonry_gallery][\/et_pb_column][\/et_pb_row][\/et_pb_section]<\/p>\n","protected":false},"excerpt":{"rendered":"<p>\uc804\ubb38\uac00 \ud22c\uc5b4\uc6b0\ubcf4\ub4dc \/ \uc640\uc778\uc744 \ucc3e\uc544 \ub5a0\ub098\ub294 \ub0a8\ubd80 \ubaa8\ub77c\ube44\uc544\uc758 3\uac00\uc9c0 \uc640\uc778 \ud22c\uc5b4 \/ \uc804\ubb38\uac00 \ud22c\uc5b4\ud22c\uc5b4\ub294 \uc601\uc5b4\ub85c \uc9c4\ud589\ub418\uba70 \ucd94\uac00 \uc694\uae08 \uc9c0\ubd88 \uc2dc \ud55c\uad6d\uc5b4 \uac00\uc774\ub4dc \uc11c\ube44\uc2a4\uac00 \uc81c\uacf5\ub429\ub2c8\ub2e4.9:00 \ube0c\ub974\ub178(Brno) \ud638\ud154 \ud53d\uc5c5, \uc640\uc778 \uc800\uc7a5\uace0\uc640 \uace0\uae09 \ud604\uc9c0 \uc640\uc778 \uc0dd\uc0b0\uc790\ub4e4\uc758 \ubd80\ud2f0\ud06c\ub4e4\uc744 \ubc29\ubb38\ud574 \ud604\ub300\uc801\uc778 \uc640\uc778\ubd80\ud130 \uc804\ud1b5\uc801\uc778 \uac83\uae4c\uc9c0 \ucc3e\uc544 \ub5a0\ub098\ub294 \uc5ec\ud589 \uc2dc\uc79110:00 \uc190\ubca0\ub974\ud06c(Sonberk) \uc640\uc774\ub108\ub9ac &#8211; \ud314\ub77c\ubc14\uac00 \ubcf4\uc774\ub294 \ud3ec\ub3c4\ubc2d\uc5d0\uc11c \uc640\uc778 \uc2dc\uc74c \ubc0f \uc0ac\uc9c4 \ucd2c\uc60111:00 \uace0\ud2b8\ubca0\ub974\uadf8(Gotberg) [&hellip;]<\/p>\n","protected":false},"author":1,"featured_media":0,"parent":5052,"menu_order":0,"comment_status":"closed","ping_status":"closed","template":"","meta":{"_et_pb_use_builder":"on","_et_pb_old_content":"","_et_gb_content_width":"","_monsterinsights_skip_tracking":false,"_monsterinsights_sitenote_active":false,"_monsterinsights_sitenote_note":"","_monsterinsights_sitenote_category":0,"two_page_speed":[],"footnotes":""},"class_list":["post-5097","page","type-page","status-publish","hentry"],"aioseo_notices":[],"_links":{"self":[{"href":"https:\/\/www.winetoursmoravia.com\/ko\/wp-json\/wp\/v2\/pages\/5097","targetHints":{"allow":["GET"]}}],"collection":[{"href":"https:\/\/www.winetoursmoravia.com\/ko\/wp-json\/wp\/v2\/pages"}],"about":[{"href":"https:\/\/www.winetoursmoravia.com\/ko\/wp-json\/wp\/v2\/types\/page"}],"author":[{"embeddable":true,"href":"https:\/\/www.winetoursmoravia.com\/ko\/wp-json\/wp\/v2\/users\/1"}],"replies":[{"embeddable":true,"href":"https:\/\/www.winetoursmoravia.com\/ko\/wp-json\/wp\/v2\/comments?post=5097"}],"version-history":[{"count":15,"href":"https:\/\/www.winetoursmoravia.com\/ko\/wp-json\/wp\/v2\/pages\/5097\/revisions"}],"predecessor-version":[{"id":8591,"href":"https:\/\/www.winetoursmoravia.com\/ko\/wp-json\/wp\/v2\/pages\/5097\/revisions\/8591"}],"up":[{"embeddable":true,"href":"https:\/\/www.winetoursmoravia.com\/ko\/wp-json\/wp\/v2\/pages\/5052"}],"wp:attachment":[{"href":"https:\/\/www.winetoursmoravia.com\/ko\/wp-json\/wp\/v2\/media?parent=5097"}],"curies":[{"name":"wp","href":"https:\/\/api.w.org\/{rel}","templated":true}]}}